	
{"id":11,"date":"2012-04-27T17:18:30","date_gmt":"2012-04-27T17:18:30","guid":{"rendered":"http:\/\/avnode-net.dev.flyer.it\/?page_id=11"},"modified":"2012-10-30T12:38:33","modified_gmt":"2012-10-30T12:38:33","slug":"register-method-selection","status":"publish","type":"page","link":"https:\/\/cms.avnode.net\/es\/online-help\/register-method-selection\/","title":{"rendered":"Seleccione m\u00e9todo de registro"},"content":{"rendered":"<p><\/p>\n<p><strong>M\u00e9todo 1 (requiere confirmaci\u00f3n por correo electr\u00f3nico)<br \/> <\/strong>Llena il form con tus datos personales. Esto es el motodo tradicionale de registro, una vez enviado el modulo recibir\u00e1s el correo de conferma y luego ya puedes completar tu perfil <\/p>\n<p> <strong>M\u00e9todo 2 (no requiere confirmaci\u00f3n por correo electr\u00f3nico)<\/strong> <br \/> M\u00e9todo de registro utilizando una cuenta desde los social network representados por iconos. No tenemos acceso a tus datos personales, la red social nos da s\u00f3lo una informaci\u00f3n b\u00e1sica para asegurarse que la direcci\u00f3n de correo electr\u00f3nico es v\u00e1lida y as\u00ec puede empezar a construir ya tu perfil<\/p>\n<p><\/p>","protected":false},"excerpt":{"rendered":"<p>M\u00e9todo 1 (requiere confirmaci\u00f3n por correo electr\u00f3nico) Llena il form con tus datos personales. Esto es el motodo tradicionale de registro, una vez enviado el modulo recibir\u00e1s el correo de conferma y luego ya puedes completar tu perfil M\u00e9todo 2 (no requiere confirmaci\u00f3n por correo electr\u00f3nico) M\u00e9todo de registro utilizando una cuenta desde los social [&hellip;]<\/p>\n","protected":false},"author":1,"featured_media":0,"parent":2,"menu_order":26,"comment_status":"closed","ping_status":"closed","template":"","meta":[],"post_title":null,"featured":null,"_wp_page_template":null,"_links":{"self":[{"href":"https:\/\/cms.avnode.net\/es\/wp-json\/wp\/v2\/pages\/11"}],"collection":[{"href":"https:\/\/cms.avnode.net\/es\/wp-json\/wp\/v2\/pages"}],"about":[{"href":"https:\/\/cms.avnode.net\/es\/wp-json\/wp\/v2\/types\/page"}],"author":[{"embeddable":true,"href":"https:\/\/cms.avnode.net\/es\/wp-json\/wp\/v2\/users\/1"}],"replies":[{"embeddable":true,"href":"https:\/\/cms.avnode.net\/es\/wp-json\/wp\/v2\/comments?post=11"}],"version-history":[{"count":0,"href":"https:\/\/cms.avnode.net\/es\/wp-json\/wp\/v2\/pages\/11\/revisions"}],"up":[{"embeddable":true,"href":"https:\/\/cms.avnode.net\/es\/wp-json\/wp\/v2\/pages\/2"}],"wp:attachment":[{"href":"https:\/\/cms.avnode.net\/es\/wp-json\/wp\/v2\/media?parent=11"}],"curies":[{"name":"wp","href":"https:\/\/api.w.org\/{rel}","templated":true}]}}