	
{"id":36,"date":"2012-04-27T17:18:30","date_gmt":"2012-04-27T17:18:30","guid":{"rendered":"http:\/\/avnode-net.dev.flyer.it\/?page_id=36"},"modified":"2015-09-14T23:47:53","modified_gmt":"2015-09-14T23:47:53","slug":"submission-completed","status":"publish","type":"page","link":"https:\/\/cms.avnode.net\/es\/subscriptions-extra-help\/submission-completed\/","title":{"rendered":"Submission completada"},"content":{"rendered":"<p><\/p>\n<p>Gracias! Su projecto ha sido enviado correctamente a ####currentEdition####.<\/p>\n<p> <strong>Por favor, tenga en cuenta que toda la informaci\u00f3n sobre la actuaci\u00f3<strong>n y el alojamiento ser\u00e1n enviadas a la direcci\u00f3n de correo electr\u00f3nico que indic\u00f3 al crear su perfil FLxER.<\/strong><\/strong><\/p>\n<p> Si desea contactar con nosotros, no dude en enviar un correo electr\u00f3nico a <a href=\"http:\/\/mailto:####subemail####\">####subemail####<\/a>.<\/p>\n<p><\/p>","protected":false},"excerpt":{"rendered":"<p>Gracias! Su projecto ha sido enviado correctamente a ####currentEdition####. Por favor, tenga en cuenta que toda la informaci\u00f3n sobre la actuaci\u00f3n y el alojamiento ser\u00e1n enviadas a la direcci\u00f3n de correo electr\u00f3nico que indic\u00f3 al crear su perfil FLxER. Si desea contactar con nosotros, no dude en enviar un correo electr\u00f3nico a ####subemail####.<\/p>\n","protected":false},"author":1,"featured_media":0,"parent":111,"menu_order":22,"comment_status":"closed","ping_status":"closed","template":"","meta":[],"post_title":null,"featured":null,"_wp_page_template":null,"_links":{"self":[{"href":"https:\/\/cms.avnode.net\/es\/wp-json\/wp\/v2\/pages\/36"}],"collection":[{"href":"https:\/\/cms.avnode.net\/es\/wp-json\/wp\/v2\/pages"}],"about":[{"href":"https:\/\/cms.avnode.net\/es\/wp-json\/wp\/v2\/types\/page"}],"author":[{"embeddable":true,"href":"https:\/\/cms.avnode.net\/es\/wp-json\/wp\/v2\/users\/1"}],"replies":[{"embeddable":true,"href":"https:\/\/cms.avnode.net\/es\/wp-json\/wp\/v2\/comments?post=36"}],"version-history":[{"count":0,"href":"https:\/\/cms.avnode.net\/es\/wp-json\/wp\/v2\/pages\/36\/revisions"}],"up":[{"embeddable":true,"href":"https:\/\/cms.avnode.net\/es\/wp-json\/wp\/v2\/pages\/111"}],"wp:attachment":[{"href":"https:\/\/cms.avnode.net\/es\/wp-json\/wp\/v2\/media?parent=36"}],"curies":[{"name":"wp","href":"https:\/\/api.w.org\/{rel}","templated":true}]}}