	
{"id":38,"date":"2012-04-27T17:18:30","date_gmt":"2012-04-27T17:18:30","guid":{"rendered":"http:\/\/avnode-net.dev.flyer.it\/?page_id=38"},"modified":"2015-09-14T23:49:10","modified_gmt":"2015-09-14T23:49:10","slug":"category","status":"publish","type":"page","link":"https:\/\/cms.avnode.net\/es\/subscriptions-extra-help\/category\/","title":{"rendered":"Categor\u00eda"},"content":{"rendered":"<p><\/p>\n<p>Aqu\u00ed puedes indicar qu\u00e9 tema se relaciona mejor con el contenido del proyecto que desea mostrar en VJ Torna.<\/p>\n<p>En algunos casos el team de ####currentEdition#### puede cambiar la selecci\u00f3n a un tema m\u00e1s apropiado.<br \/>\nEl team de VJ Torna se comunicar\u00e1 con usted para confirmar cualquier modificaci\u00f3n.<\/p>\n<p><\/p>","protected":false},"excerpt":{"rendered":"<p>Aqu\u00ed puedes indicar qu\u00e9 tema se relaciona mejor con el contenido del proyecto que desea mostrar en VJ Torna. En algunos casos el team de ####currentEdition#### puede cambiar la selecci\u00f3n a un tema m\u00e1s apropiado. El team de VJ Torna se comunicar\u00e1 con usted para confirmar cualquier modificaci\u00f3n.<\/p>\n","protected":false},"author":1,"featured_media":0,"parent":111,"menu_order":18,"comment_status":"closed","ping_status":"closed","template":"","meta":[],"post_title":null,"featured":null,"_wp_page_template":null,"_links":{"self":[{"href":"https:\/\/cms.avnode.net\/es\/wp-json\/wp\/v2\/pages\/38"}],"collection":[{"href":"https:\/\/cms.avnode.net\/es\/wp-json\/wp\/v2\/pages"}],"about":[{"href":"https:\/\/cms.avnode.net\/es\/wp-json\/wp\/v2\/types\/page"}],"author":[{"embeddable":true,"href":"https:\/\/cms.avnode.net\/es\/wp-json\/wp\/v2\/users\/1"}],"replies":[{"embeddable":true,"href":"https:\/\/cms.avnode.net\/es\/wp-json\/wp\/v2\/comments?post=38"}],"version-history":[{"count":0,"href":"https:\/\/cms.avnode.net\/es\/wp-json\/wp\/v2\/pages\/38\/revisions"}],"up":[{"embeddable":true,"href":"https:\/\/cms.avnode.net\/es\/wp-json\/wp\/v2\/pages\/111"}],"wp:attachment":[{"href":"https:\/\/cms.avnode.net\/es\/wp-json\/wp\/v2\/media?parent=38"}],"curies":[{"name":"wp","href":"https:\/\/api.w.org\/{rel}","templated":true}]}}