	
{"id":39,"date":"2012-04-27T17:18:30","date_gmt":"2012-04-27T17:18:30","guid":{"rendered":"http:\/\/avnode-net.dev.flyer.it\/?page_id=39"},"modified":"2012-09-24T13:13:55","modified_gmt":"2012-09-24T13:13:55","slug":"submit","status":"publish","type":"page","link":"https:\/\/cms.avnode.net\/es\/subscriptions-extra-help\/submit\/","title":{"rendered":"Enviar"},"content":{"rendered":"<p><\/p>\n<p>Compruebe los datos del artista y de la actuaci\u00f3n.<\/p>\n<p>Si quieres cambiar algo o agregar la informaci\u00f3n faltante haga clic en el bot\u00f3n \u00abEditar\u00bb.<br \/>\nA continuaci\u00f3n, haga clic en \u00abEnviar\u00bb en la parte inferior de la p\u00e1gina para completar su suscripci\u00f3n.<br \/>\n<strong><br \/>\nPor favor, tenga en cuenta que toda la informaci\u00f3n sobre la actuaci\u00f3n y el alojamiento ser\u00e1n enviadas a la direcci\u00f3n de correo electr\u00f3nico que indic\u00f3 al crear su perfil FLxER.<\/strong><\/p>\n<p><\/p>","protected":false},"excerpt":{"rendered":"<p>Compruebe los datos del artista y de la actuaci\u00f3n. Si quieres cambiar algo o agregar la informaci\u00f3n faltante haga clic en el bot\u00f3n \u00abEditar\u00bb. A continuaci\u00f3n, haga clic en \u00abEnviar\u00bb en la parte inferior de la p\u00e1gina para completar su suscripci\u00f3n. Por favor, tenga en cuenta que toda la informaci\u00f3n sobre la actuaci\u00f3n y el [&hellip;]<\/p>\n","protected":false},"author":1,"featured_media":0,"parent":111,"menu_order":21,"comment_status":"closed","ping_status":"closed","template":"","meta":[],"post_title":null,"featured":null,"_wp_page_template":null,"_links":{"self":[{"href":"https:\/\/cms.avnode.net\/es\/wp-json\/wp\/v2\/pages\/39"}],"collection":[{"href":"https:\/\/cms.avnode.net\/es\/wp-json\/wp\/v2\/pages"}],"about":[{"href":"https:\/\/cms.avnode.net\/es\/wp-json\/wp\/v2\/types\/page"}],"author":[{"embeddable":true,"href":"https:\/\/cms.avnode.net\/es\/wp-json\/wp\/v2\/users\/1"}],"replies":[{"embeddable":true,"href":"https:\/\/cms.avnode.net\/es\/wp-json\/wp\/v2\/comments?post=39"}],"version-history":[{"count":0,"href":"https:\/\/cms.avnode.net\/es\/wp-json\/wp\/v2\/pages\/39\/revisions"}],"up":[{"embeddable":true,"href":"https:\/\/cms.avnode.net\/es\/wp-json\/wp\/v2\/pages\/111"}],"wp:attachment":[{"href":"https:\/\/cms.avnode.net\/es\/wp-json\/wp\/v2\/media?parent=39"}],"curies":[{"name":"wp","href":"https:\/\/api.w.org\/{rel}","templated":true}]}}