	
{"id":48,"date":"2012-04-27T17:18:30","date_gmt":"2012-04-27T17:18:30","guid":{"rendered":"http:\/\/avnode-net.dev.flyer.it\/?page_id=48"},"modified":"2012-09-28T11:28:21","modified_gmt":"2012-09-28T11:28:21","slug":"login-or-register","status":"publish","type":"page","link":"https:\/\/cms.avnode.net\/es\/subscriptions-extra-help\/login-or-register\/","title":{"rendered":"Identificaci\u00f3n o suscripci\u00f3n"},"content":{"rendered":"<p><\/p>\n<p>Si ya tiene una cuenta de FLxER.net tiene que identificarse, si no, puede suscribirse ahora usando uno de los siguientes dos m\u00e9todos: \u2028 \u2028<\/p>\n<p> <strong>M\u00e9todo 1 (requiere confirmaci\u00f3n por correo electr\u00f3nico)<\/strong><br \/> Llenar un formulario con sus datos personales.<\/p>\n<p> Este es el m\u00e9todo de registro tradicional. Una vez que envie tus datos le enviaremos un email de confirmaci\u00f3n y ser\u00e1 capaz de configurar su perfil. \u2028 \u2028<\/p>\n<p> <strong>M\u00e9todo 2 (no requiere confirmaci\u00f3n por correo electr\u00f3nico)<\/strong><br \/> Registrarse con una cuenta ya existente de una de las redes sociales enumeradas.<\/p>\n<p> Tenga en cuenta que no tenemos un acceso a sus datos personales. Las redes sociales s\u00f3lo nos dan unas informaci\u00f3n b\u00e1sicas que garanticen que la direcci\u00f3n de correo electr\u00f3nico que se indica es v\u00e1lida. Una vez completado la suscripci\u00f3n ser\u00e1 inmediatamente capaz de configurar su perfil.<\/p>\n<p> Si olvid\u00f3 su contrase\u00f1a, puede solicitar una nueva visita a esta p\u00e1gina: <a href=\"http:\/\/flxer.net\/controlpanel\/passwordRequest.php\" target=\"_blank\">Request login details<\/a><\/p>\n<p><\/p>","protected":false},"excerpt":{"rendered":"<p>Si ya tiene una cuenta de FLxER.net tiene que identificarse, si no, puede suscribirse ahora usando uno de los siguientes dos m\u00e9todos: \u2028 \u2028 M\u00e9todo 1 (requiere confirmaci\u00f3n por correo electr\u00f3nico) Llenar un formulario con sus datos personales. Este es el m\u00e9todo de registro tradicional. Una vez que envie tus datos le enviaremos un email [&hellip;]<\/p>\n","protected":false},"author":1,"featured_media":0,"parent":111,"menu_order":15,"comment_status":"closed","ping_status":"closed","template":"","meta":[],"post_title":null,"featured":null,"_wp_page_template":null,"_links":{"self":[{"href":"https:\/\/cms.avnode.net\/es\/wp-json\/wp\/v2\/pages\/48"}],"collection":[{"href":"https:\/\/cms.avnode.net\/es\/wp-json\/wp\/v2\/pages"}],"about":[{"href":"https:\/\/cms.avnode.net\/es\/wp-json\/wp\/v2\/types\/page"}],"author":[{"embeddable":true,"href":"https:\/\/cms.avnode.net\/es\/wp-json\/wp\/v2\/users\/1"}],"replies":[{"embeddable":true,"href":"https:\/\/cms.avnode.net\/es\/wp-json\/wp\/v2\/comments?post=48"}],"version-history":[{"count":0,"href":"https:\/\/cms.avnode.net\/es\/wp-json\/wp\/v2\/pages\/48\/revisions"}],"up":[{"embeddable":true,"href":"https:\/\/cms.avnode.net\/es\/wp-json\/wp\/v2\/pages\/111"}],"wp:attachment":[{"href":"https:\/\/cms.avnode.net\/es\/wp-json\/wp\/v2\/media?parent=48"}],"curies":[{"name":"wp","href":"https:\/\/api.w.org\/{rel}","templated":true}]}}