	
{"id":49,"date":"2012-04-27T17:18:30","date_gmt":"2012-04-27T17:18:30","guid":{"rendered":"http:\/\/avnode-net.dev.flyer.it\/?page_id=49"},"modified":"2012-10-30T12:36:50","modified_gmt":"2012-10-30T12:36:50","slug":"new-account","status":"publish","type":"page","link":"https:\/\/cms.avnode.net\/es\/online-help\/new-account\/","title":{"rendered":"Nueva cuenta"},"content":{"rendered":"<p><\/p>\n<p><strong>M\u00e9todo 1 (requiere confirmaci\u00f3n por correo electr\u00f3nico)<\/strong><br \/> Llenar un formulario con sus datos personales.<\/p>\n<p> Este es el m\u00e9todo de registro tradicional. Una vez que envie tus datos le enviaremos un email de confirmaci\u00f3n y ser\u00e1 capaz de configurar su perfil.<\/p>\n<p><\/p>","protected":false},"excerpt":{"rendered":"<p>M\u00e9todo 1 (requiere confirmaci\u00f3n por correo electr\u00f3nico) Llenar un formulario con sus datos personales. Este es el m\u00e9todo de registro tradicional. Una vez que envie tus datos le enviaremos un email de confirmaci\u00f3n y ser\u00e1 capaz de configurar su perfil.<\/p>\n","protected":false},"author":1,"featured_media":0,"parent":2,"menu_order":22,"comment_status":"closed","ping_status":"closed","template":"","meta":[],"post_title":null,"featured":null,"_wp_page_template":null,"_links":{"self":[{"href":"https:\/\/cms.avnode.net\/es\/wp-json\/wp\/v2\/pages\/49"}],"collection":[{"href":"https:\/\/cms.avnode.net\/es\/wp-json\/wp\/v2\/pages"}],"about":[{"href":"https:\/\/cms.avnode.net\/es\/wp-json\/wp\/v2\/types\/page"}],"author":[{"embeddable":true,"href":"https:\/\/cms.avnode.net\/es\/wp-json\/wp\/v2\/users\/1"}],"replies":[{"embeddable":true,"href":"https:\/\/cms.avnode.net\/es\/wp-json\/wp\/v2\/comments?post=49"}],"version-history":[{"count":0,"href":"https:\/\/cms.avnode.net\/es\/wp-json\/wp\/v2\/pages\/49\/revisions"}],"up":[{"embeddable":true,"href":"https:\/\/cms.avnode.net\/es\/wp-json\/wp\/v2\/pages\/2"}],"wp:attachment":[{"href":"https:\/\/cms.avnode.net\/es\/wp-json\/wp\/v2\/media?parent=49"}],"curies":[{"name":"wp","href":"https:\/\/api.w.org\/{rel}","templated":true}]}}