	
{"id":54,"date":"2012-04-27T17:18:30","date_gmt":"2012-04-27T17:18:30","guid":{"rendered":"http:\/\/avnode-net.dev.flyer.it\/?page_id=54"},"modified":"2018-01-26T18:39:41","modified_gmt":"2018-01-26T18:39:41","slug":"performers-terms-conditions","status":"publish","type":"page","link":"https:\/\/cms.avnode.net\/es\/subscriptions-contents\/performers-terms-conditions\/","title":{"rendered":"PERFORMERS: Terminos y condiciones"},"content":{"rendered":"<p><\/p>\n<p><strong>LPM es una reuni\u00f3n.<\/strong><\/p>\n<p> LPM ofrece lugares, recursos y tecnolog\u00ed\u00adas a fin de apoyar los encuentros entre las personas que participan activamente en el campo del video en vivo. Nuestro objetivo es ofrecer tanto a los espectadores y los participantes un amplio programa de talleres, exhibiciones y actuaciones en directo de audio y v\u00eddeo.<\/p>\n<p> El hecho que todos los artistas tocan en vivo en y la posibilidad de tomar parte libremente en la reuni\u00f3n se encuentran entre los aspectos m\u00e1s importantes de LPM. Cualquier persona que deseen participar pueden inscribirse en l\u00ad\u00ednea y realizarGRATUITAMENTE.<\/p>\n<ol>\n<li>La iscripci\u00f3n es gratuita e incluye acceso a todas las actividades del evento (excepto taller de pago), adem\u00e1s de una bebida al d\u00ed\u00ada.<\/li>\n<li>La fecha l\u00ed\u00admite para la suscripci\u00f3n es el <strong>###performers-deadline###<\/strong><\/li>\n<li>LPM no es un festival en el que pocos artistas son seleccionados por un director artistico. LPM es una reuni\u00f3n, animamos a todos los que deseen contribuir a participar en el evento. Sin embargo, debido a la gran cantidad de propuestas que recibimos, no somos capaces de cubrir los gastos de viaje de cada artista. As\u00ed\u00ad que nos gustar\u00c3\u00ada recordar que<span style=\"text-decoration: underline\">los gastos de viaje est\u00e1n a cargo de los artistas<\/span>. Nuestro personal le proporcionar\u00e1 alojamiento gratuito, una bebida y una cena para cada uno de los cuatro d\u00edas de la reuni\u00f3n.<\/li>\n<li><strong>El alojamiento para los artistas que realiza est\u00e1 disponible ###accommodation-period### hasta que todas las camas reservadas, en triple \/ cu\u00e1druple \/ dormitorios.<\/strong><\/li>\n<li>Soluciones Disponibles en habitaciones dobles simples et \u00e0 ###performers-silusso### por persona por d\u00eda.<\/li>\n<li>Artistas amigos y socios, tambi\u00e9n puede reservar alojamiento a un precio conveniente a trav\u00e9s de la pagina <span style=\"text-decoration: underline\"><a href=\"..\/participate\/?lpm_sub_type=visitors\">Paquete especial<\/a><\/span>.<\/li>\n<li>Debido a las limitaciones log\u00ed\u00adsticas y de tiempo, puede ocurrir que algunas de las actuaciones audiovisuales no se incluir\u00e1n en el programa oficial: se dar\u00e1 prioridad a los proyectos que se consideran de especial inter\u00e9s para la mayor\u00ed\u00ada de los participantes.<\/li>\n<li><strong>La duraci\u00f3n m\u00e1xima de cada actuaci\u00f3n es de30 minutos.<\/strong><\/li>\n<li>A discreci\u00f3n de los organizadores, actuaciones que requieren requisitos t\u00e9cnicos y log\u00ed\u00adsticos excesivamente complicados pueden ser excluidas.<span style=\"text-decoration: underline\">No dude en contactar con nosotros directamente<\/span>a trav\u00e9s de info [arroba] liveperformersmeeting [dot] net para discutir sobre su propuesta de antemano.<\/li>\n<\/ol>\n<p>&nbsp;<\/p>\n<p>&nbsp;<\/p>\n<p><\/p>","protected":false},"excerpt":{"rendered":"<p>LPM es una reuni\u00f3n. LPM ofrece lugares, recursos y tecnolog\u00ed\u00adas a fin de apoyar los encuentros entre las personas que participan activamente en el campo del video en vivo. Nuestro objetivo es ofrecer tanto a los espectadores y los participantes un amplio programa de talleres, exhibiciones y actuaciones en directo de audio y v\u00eddeo. El [&hellip;]<\/p>\n","protected":false},"author":1,"featured_media":0,"parent":150,"menu_order":4,"comment_status":"closed","ping_status":"closed","template":"","meta":[],"post_title":null,"featured":null,"_wp_page_template":null,"_links":{"self":[{"href":"https:\/\/cms.avnode.net\/es\/wp-json\/wp\/v2\/pages\/54"}],"collection":[{"href":"https:\/\/cms.avnode.net\/es\/wp-json\/wp\/v2\/pages"}],"about":[{"href":"https:\/\/cms.avnode.net\/es\/wp-json\/wp\/v2\/types\/page"}],"author":[{"embeddable":true,"href":"https:\/\/cms.avnode.net\/es\/wp-json\/wp\/v2\/users\/1"}],"replies":[{"embeddable":true,"href":"https:\/\/cms.avnode.net\/es\/wp-json\/wp\/v2\/comments?post=54"}],"version-history":[{"count":0,"href":"https:\/\/cms.avnode.net\/es\/wp-json\/wp\/v2\/pages\/54\/revisions"}],"up":[{"embeddable":true,"href":"https:\/\/cms.avnode.net\/es\/wp-json\/wp\/v2\/pages\/150"}],"wp:attachment":[{"href":"https:\/\/cms.avnode.net\/es\/wp-json\/wp\/v2\/media?parent=54"}],"curies":[{"name":"wp","href":"https:\/\/api.w.org\/{rel}","templated":true}]}}