	
{"id":55,"date":"2012-04-27T17:18:30","date_gmt":"2012-04-27T17:18:30","guid":{"rendered":"http:\/\/avnode-net.dev.flyer.it\/?page_id=55"},"modified":"2016-04-14T11:56:51","modified_gmt":"2016-04-14T11:56:51","slug":"artists-terms-conditions","status":"publish","type":"page","link":"https:\/\/cms.avnode.net\/es\/subscriptions-contents\/artists-terms-conditions\/","title":{"rendered":"ARTISTAS: Terminos y condiciones"},"content":{"rendered":"<p><\/p>\n<p><strong>LPM es una reuni\u00f3n.<\/strong><\/p>\n<p> LPM ofrece lugares, recursos y tecnolog\u00edas a fin de apoyar los encuentros entre las personas que participan activamente en el campo del video en vivo. Nuestro objetivo es ofrecer tanto a los espectadores y los participantes un amplio programa de talleres, exhibiciones y actuaciones en directo de audio y v\u00eddeo.<\/p>\n<ol>\n<li>El costo de iscripci\u00f3n para los artistas que no actuan es de ###artists-si### e incluye el alojamiento, un pase para todos los eventos LPM (con exclusi\u00f3n de los talleres de pago), una bebida al d\u00eda y el nombre del artista ser\u00e0 incluido en el programa de LPM como \u00abPresentes en LPM \u00ab.<\/li>\n<li>La fecha l\u00edmite para la suscripci\u00f3n es <strong>###artists-deadline###<\/strong>.<\/li>\n<li>LPM no es un festival en el que pocos artistas son seleccionados por un director artistico. LPM es una reuni\u00f3n, animamos a todos los que deseen contribuir a participar en el evento. Sin embargo, debido a la gran cantidad de propuestas que recibimos, no somos capaces de cubrir los gastos de viaje de cada artista. As\u00ed que nos gustar\u00eda recordar que <span style=\"text-decoration: underline;\">los gastos de viaje est\u00e1n a cargo de los artistas<\/span>. Nuestro personal le proporcionar\u00e1 alojamiento gratuito, una bebida y una cena para cada uno de los cuatro d\u00edas de la reuni\u00f3n.<\/li>\n<li><strong>El alojamiento para los artistas que no actuan est\u00e1 disponible de ###accommodation-period### hasta que todas las camas reservadas, en triple \/ cu\u00e1druple \/ dormitorios.<\/strong><\/li>\n<li>Soluciones Disponibles en habitaciones dobles simples et \u00e0 ###artists-silusso### por persona por d\u00eda.<\/li>\n<li>Artistas amigos y socios, tambi\u00e9n puede reservar alojamiento a un precio conveniente a trav\u00e9s de la pagina <a href=\"..\/participate\/?lpm_sub_type=visitors\">Paquete Especial<\/a> webpage.<\/li>\n<\/ol>\n<p><\/p>","protected":false},"excerpt":{"rendered":"<p>LPM es una reuni\u00f3n. LPM ofrece lugares, recursos y tecnolog\u00edas a fin de apoyar los encuentros entre las personas que participan activamente en el campo del video en vivo. Nuestro objetivo es ofrecer tanto a los espectadores y los participantes un amplio programa de talleres, exhibiciones y actuaciones en directo de audio y v\u00eddeo. El [&hellip;]<\/p>\n","protected":false},"author":1,"featured_media":0,"parent":150,"menu_order":6,"comment_status":"closed","ping_status":"closed","template":"","meta":[],"post_title":null,"featured":null,"_wp_page_template":null,"_links":{"self":[{"href":"https:\/\/cms.avnode.net\/es\/wp-json\/wp\/v2\/pages\/55"}],"collection":[{"href":"https:\/\/cms.avnode.net\/es\/wp-json\/wp\/v2\/pages"}],"about":[{"href":"https:\/\/cms.avnode.net\/es\/wp-json\/wp\/v2\/types\/page"}],"author":[{"embeddable":true,"href":"https:\/\/cms.avnode.net\/es\/wp-json\/wp\/v2\/users\/1"}],"replies":[{"embeddable":true,"href":"https:\/\/cms.avnode.net\/es\/wp-json\/wp\/v2\/comments?post=55"}],"version-history":[{"count":0,"href":"https:\/\/cms.avnode.net\/es\/wp-json\/wp\/v2\/pages\/55\/revisions"}],"up":[{"embeddable":true,"href":"https:\/\/cms.avnode.net\/es\/wp-json\/wp\/v2\/pages\/150"}],"wp:attachment":[{"href":"https:\/\/cms.avnode.net\/es\/wp-json\/wp\/v2\/media?parent=55"}],"curies":[{"name":"wp","href":"https:\/\/api.w.org\/{rel}","templated":true}]}}