	
{"id":108,"date":"2012-08-12T22:30:19","date_gmt":"2012-08-12T22:30:19","guid":{"rendered":"http:\/\/avnode-net.dev.flyer.it\/?page_id=108"},"modified":"2012-10-30T12:59:02","modified_gmt":"2012-10-30T12:59:02","slug":"event-selection","status":"publish","type":"page","link":"https:\/\/cms.avnode.net\/fr\/online-help\/event-selection\/","title":{"rendered":"S\u00e9lectionner un \u00e9v\u00e9nement"},"content":{"rendered":"<p><\/p>\n<p>S\u00e9lectionnez un \u00e9v\u00e9nement \u00e0 modifier.<br \/>Si vous voulez cr\u00e9er un nouvel \u00e9v\u00e9nement appuyez le bouton \u201cNouveau\u201d.<\/p>\n<p><\/p>","protected":false},"excerpt":{"rendered":"<p>S\u00e9lectionnez un \u00e9v\u00e9nement \u00e0 modifier.Si vous voulez cr\u00e9er un nouvel \u00e9v\u00e9nement appuyez le bouton \u201cNouveau\u201d.<\/p>\n","protected":false},"author":1,"featured_media":0,"parent":2,"menu_order":55,"comment_status":"open","ping_status":"closed","template":"","meta":[],"post_title":null,"featured":null,"_wp_page_template":null,"_links":{"self":[{"href":"https:\/\/cms.avnode.net\/fr\/wp-json\/wp\/v2\/pages\/108"}],"collection":[{"href":"https:\/\/cms.avnode.net\/fr\/wp-json\/wp\/v2\/pages"}],"about":[{"href":"https:\/\/cms.avnode.net\/fr\/wp-json\/wp\/v2\/types\/page"}],"author":[{"embeddable":true,"href":"https:\/\/cms.avnode.net\/fr\/wp-json\/wp\/v2\/users\/1"}],"replies":[{"embeddable":true,"href":"https:\/\/cms.avnode.net\/fr\/wp-json\/wp\/v2\/comments?post=108"}],"version-history":[{"count":0,"href":"https:\/\/cms.avnode.net\/fr\/wp-json\/wp\/v2\/pages\/108\/revisions"}],"up":[{"embeddable":true,"href":"https:\/\/cms.avnode.net\/fr\/wp-json\/wp\/v2\/pages\/2"}],"wp:attachment":[{"href":"https:\/\/cms.avnode.net\/fr\/wp-json\/wp\/v2\/media?parent=108"}],"curies":[{"name":"wp","href":"https:\/\/api.w.org\/{rel}","templated":true}]}}