	
{"id":11,"date":"2012-04-27T17:18:30","date_gmt":"2012-04-27T17:18:30","guid":{"rendered":"http:\/\/avnode-net.dev.flyer.it\/?page_id=11"},"modified":"2012-10-30T12:38:33","modified_gmt":"2012-10-30T12:38:33","slug":"register-method-selection","status":"publish","type":"page","link":"https:\/\/cms.avnode.net\/fr\/online-help\/register-method-selection\/","title":{"rendered":"Choix de la m\u00e9thode d&rsquo;enregistrement"},"content":{"rendered":"<p><\/p>\n<p><strong>M\u00e9thode 1 (il vous ser\u00e0 demand\u00e9e une confirmation par mail)<br \/> <\/strong><br \/>\nRemplissez le formulaire avec vos donn\u00e9es personnels.<br \/>C&rsquo;est la m\u00e9thode classique d&rsquo;enregistrement, une fois que vous aurait envoy\u00e9 le formulaire, vous recevrez une une confirmation par courrier \u00e9lectronique et vous pourrez cr\u00e9er votre profil.<\/p>\n<p><strong>M\u00e9thode 2 (il ne n\u00e9cessite pas de confirmation par courrier \u00e9lectronique)<br \/> <\/strong>M\u00e9thode d&rsquo;enregistrement en utilisant un compte que l&rsquo;un des r\u00e9seaux sociaux repr\u00e9sent\u00e9s par des ic\u00f4nes. Nous n&rsquo;avons pas acc\u00e8s \u00e0 vos donn\u00e9es personnelles, le r\u00e9seau social nous donne simplement quelques informations de base pour nous assurer que votre adresse e-mail est valide, ainsi vous pourrez cr\u00e9er votre profil imm\u00e9diatement.<\/p>\n<p><\/p>","protected":false},"excerpt":{"rendered":"<p>M\u00e9thode 1 (il vous ser\u00e0 demand\u00e9e une confirmation par mail) Remplissez le formulaire avec vos donn\u00e9es personnels.C&rsquo;est la m\u00e9thode classique d&rsquo;enregistrement, une fois que vous aurait envoy\u00e9 le formulaire, vous recevrez une une confirmation par courrier \u00e9lectronique et vous pourrez cr\u00e9er votre profil. M\u00e9thode 2 (il ne n\u00e9cessite pas de confirmation par courrier \u00e9lectronique) M\u00e9thode [&hellip;]<\/p>\n","protected":false},"author":1,"featured_media":0,"parent":2,"menu_order":26,"comment_status":"closed","ping_status":"closed","template":"","meta":[],"post_title":null,"featured":null,"_wp_page_template":null,"_links":{"self":[{"href":"https:\/\/cms.avnode.net\/fr\/wp-json\/wp\/v2\/pages\/11"}],"collection":[{"href":"https:\/\/cms.avnode.net\/fr\/wp-json\/wp\/v2\/pages"}],"about":[{"href":"https:\/\/cms.avnode.net\/fr\/wp-json\/wp\/v2\/types\/page"}],"author":[{"embeddable":true,"href":"https:\/\/cms.avnode.net\/fr\/wp-json\/wp\/v2\/users\/1"}],"replies":[{"embeddable":true,"href":"https:\/\/cms.avnode.net\/fr\/wp-json\/wp\/v2\/comments?post=11"}],"version-history":[{"count":0,"href":"https:\/\/cms.avnode.net\/fr\/wp-json\/wp\/v2\/pages\/11\/revisions"}],"up":[{"embeddable":true,"href":"https:\/\/cms.avnode.net\/fr\/wp-json\/wp\/v2\/pages\/2"}],"wp:attachment":[{"href":"https:\/\/cms.avnode.net\/fr\/wp-json\/wp\/v2\/media?parent=11"}],"curies":[{"name":"wp","href":"https:\/\/api.w.org\/{rel}","templated":true}]}}