	
{"id":224,"date":"2012-08-28T22:54:35","date_gmt":"2012-08-28T22:54:35","guid":{"rendered":"http:\/\/avnode-net.dev.flyer.it\/?page_id=224"},"modified":"2012-10-25T10:06:07","modified_gmt":"2012-10-25T10:06:07","slug":"vj-torna-battle","status":"publish","type":"page","link":"https:\/\/cms.avnode.net\/fr\/subscriptions-contents\/vj-torna-battle\/","title":{"rendered":"(English) VJ Torna: Battle"},"content":{"rendered":"<p class=\"qtranxs-available-languages-message qtranxs-available-languages-message-fr\">D\u00e9sol\u00e9, cet article est seulement disponible en <a href=\"https:\/\/cms.avnode.net\/en\/wp-json\/wp\/v2\/pages\/224\" class=\"qtranxs-available-language-link qtranxs-available-language-link-en\" title=\"English\">Anglais Am\u00e9ricain<\/a>, <a href=\"https:\/\/cms.avnode.net\/it\/wp-json\/wp\/v2\/pages\/224\" class=\"qtranxs-available-language-link qtranxs-available-language-link-it\" title=\"Italiano\">Italien<\/a> et <a href=\"https:\/\/cms.avnode.net\/gr\/wp-json\/wp\/v2\/pages\/224\" class=\"qtranxs-available-language-link qtranxs-available-language-link-gr\" title=\"Greek\">Greek<\/a>.<\/p>","protected":false},"excerpt":{"rendered":"<p>D\u00e9sol\u00e9, cet article est seulement disponible en Anglais Am\u00e9ricain, Italien et Greek.<\/p>\n","protected":false},"author":1,"featured_media":0,"parent":150,"menu_order":11,"comment_status":"open","ping_status":"closed","template":"","meta":[],"post_title":null,"featured":null,"_wp_page_template":null,"_links":{"self":[{"href":"https:\/\/cms.avnode.net\/fr\/wp-json\/wp\/v2\/pages\/224"}],"collection":[{"href":"https:\/\/cms.avnode.net\/fr\/wp-json\/wp\/v2\/pages"}],"about":[{"href":"https:\/\/cms.avnode.net\/fr\/wp-json\/wp\/v2\/types\/page"}],"author":[{"embeddable":true,"href":"https:\/\/cms.avnode.net\/fr\/wp-json\/wp\/v2\/users\/1"}],"replies":[{"embeddable":true,"href":"https:\/\/cms.avnode.net\/fr\/wp-json\/wp\/v2\/comments?post=224"}],"version-history":[{"count":0,"href":"https:\/\/cms.avnode.net\/fr\/wp-json\/wp\/v2\/pages\/224\/revisions"}],"up":[{"embeddable":true,"href":"https:\/\/cms.avnode.net\/fr\/wp-json\/wp\/v2\/pages\/150"}],"wp:attachment":[{"href":"https:\/\/cms.avnode.net\/fr\/wp-json\/wp\/v2\/media?parent=224"}],"curies":[{"name":"wp","href":"https:\/\/api.w.org\/{rel}","templated":true}]}}