	
{"id":25,"date":"2012-04-27T17:18:30","date_gmt":"2012-04-27T17:18:30","guid":{"rendered":"http:\/\/avnode-net.dev.flyer.it\/?page_id=25"},"modified":"2012-10-30T12:41:25","modified_gmt":"2012-10-30T12:41:25","slug":"login","status":"publish","type":"page","link":"https:\/\/cms.avnode.net\/fr\/online-help\/login\/","title":{"rendered":"Identification"},"content":{"rendered":"<p><\/p>\n<p>S&rsquo;il vous pla\u00eet, remplissez le formulaire pour vous connecter. <\/p>\n<p>Si vous avez oubli\u00e9 votre mot de passe vous pouvez demander un nouveau mot de passe va dans cette page <a href=\"\/controlpanel\/passwordRequest.php\">Demande de donn\u00e9es<\/a><\/p>\n<p><\/p>","protected":false},"excerpt":{"rendered":"<p>S&rsquo;il vous pla\u00eet, remplissez le formulaire pour vous connecter. Si vous avez oubli\u00e9 votre mot de passe vous pouvez demander un nouveau mot de passe va dans cette page Demande de donn\u00e9es<\/p>\n","protected":false},"author":1,"featured_media":0,"parent":2,"menu_order":31,"comment_status":"closed","ping_status":"closed","template":"","meta":[],"post_title":null,"featured":null,"_wp_page_template":null,"_links":{"self":[{"href":"https:\/\/cms.avnode.net\/fr\/wp-json\/wp\/v2\/pages\/25"}],"collection":[{"href":"https:\/\/cms.avnode.net\/fr\/wp-json\/wp\/v2\/pages"}],"about":[{"href":"https:\/\/cms.avnode.net\/fr\/wp-json\/wp\/v2\/types\/page"}],"author":[{"embeddable":true,"href":"https:\/\/cms.avnode.net\/fr\/wp-json\/wp\/v2\/users\/1"}],"replies":[{"embeddable":true,"href":"https:\/\/cms.avnode.net\/fr\/wp-json\/wp\/v2\/comments?post=25"}],"version-history":[{"count":0,"href":"https:\/\/cms.avnode.net\/fr\/wp-json\/wp\/v2\/pages\/25\/revisions"}],"up":[{"embeddable":true,"href":"https:\/\/cms.avnode.net\/fr\/wp-json\/wp\/v2\/pages\/2"}],"wp:attachment":[{"href":"https:\/\/cms.avnode.net\/fr\/wp-json\/wp\/v2\/media?parent=25"}],"curies":[{"name":"wp","href":"https:\/\/api.w.org\/{rel}","templated":true}]}}