	
{"id":26,"date":"2012-04-27T17:18:30","date_gmt":"2012-04-27T17:18:30","guid":{"rendered":"http:\/\/avnode-net.dev.flyer.it\/?page_id=26"},"modified":"2012-10-30T12:56:21","modified_gmt":"2012-10-30T12:56:21","slug":"playlists-detail","status":"publish","type":"page","link":"https:\/\/cms.avnode.net\/fr\/online-help\/playlists-detail\/","title":{"rendered":"D\u00e9tails de playlist"},"content":{"rendered":"<p><\/p>\n<p>Ici vous pouvez modifier votre playlist.<\/p>\n<p>Vous pouvez cr\u00e9er une nouvelle playlist \u00e0 partir de la page de d\u00e9tail des films sur le bouton \u00ab\u00a0Ajouter \u00e0 la Playlist\u00a0\u00bb.<\/p>\n<p>Vous pouvez ajouter une s\u00e9quence  vid\u00e9o \u00e0 votre playlist en appuyant le bouton \u00ab\u00a0Ajouter \u00e0 la Playlist\u00a0\u00bb.<\/p>\n<p><\/p>","protected":false},"excerpt":{"rendered":"<p>Ici vous pouvez modifier votre playlist. Vous pouvez cr\u00e9er une nouvelle playlist \u00e0 partir de la page de d\u00e9tail des films sur le bouton \u00ab\u00a0Ajouter \u00e0 la Playlist\u00a0\u00bb. Vous pouvez ajouter une s\u00e9quence vid\u00e9o \u00e0 votre playlist en appuyant le bouton \u00ab\u00a0Ajouter \u00e0 la Playlist\u00a0\u00bb.<\/p>\n","protected":false},"author":1,"featured_media":0,"parent":2,"menu_order":53,"comment_status":"closed","ping_status":"closed","template":"","meta":[],"post_title":null,"featured":null,"_wp_page_template":null,"_links":{"self":[{"href":"https:\/\/cms.avnode.net\/fr\/wp-json\/wp\/v2\/pages\/26"}],"collection":[{"href":"https:\/\/cms.avnode.net\/fr\/wp-json\/wp\/v2\/pages"}],"about":[{"href":"https:\/\/cms.avnode.net\/fr\/wp-json\/wp\/v2\/types\/page"}],"author":[{"embeddable":true,"href":"https:\/\/cms.avnode.net\/fr\/wp-json\/wp\/v2\/users\/1"}],"replies":[{"embeddable":true,"href":"https:\/\/cms.avnode.net\/fr\/wp-json\/wp\/v2\/comments?post=26"}],"version-history":[{"count":0,"href":"https:\/\/cms.avnode.net\/fr\/wp-json\/wp\/v2\/pages\/26\/revisions"}],"up":[{"embeddable":true,"href":"https:\/\/cms.avnode.net\/fr\/wp-json\/wp\/v2\/pages\/2"}],"wp:attachment":[{"href":"https:\/\/cms.avnode.net\/fr\/wp-json\/wp\/v2\/media?parent=26"}],"curies":[{"name":"wp","href":"https:\/\/api.w.org\/{rel}","templated":true}]}}