	
{"id":28,"date":"2012-04-27T17:18:30","date_gmt":"2012-04-27T17:18:30","guid":{"rendered":"http:\/\/avnode-net.dev.flyer.it\/?page_id=28"},"modified":"2012-10-30T12:51:58","modified_gmt":"2012-10-30T12:51:58","slug":"playlists-selection","status":"publish","type":"page","link":"https:\/\/cms.avnode.net\/fr\/online-help\/playlists-selection\/","title":{"rendered":"S\u00e9lectionnez la playlist"},"content":{"rendered":"<p><\/p>\n<p>Ici vous pouvez modifier votre playlist. Choisissez une playlist \u00e0 modifier.<\/p>\n<p>Vous pouvez cr\u00e9er une nouvelle playlist \u00e0 partir de la page de d\u00e9tail des films sur le bouton \u00ab\u00a0Ajouter \u00e0 la Playlist\u00a0\u00bb.<\/p>\n<p><\/p>","protected":false},"excerpt":{"rendered":"<p>Ici vous pouvez modifier votre playlist. Choisissez une playlist \u00e0 modifier. Vous pouvez cr\u00e9er une nouvelle playlist \u00e0 partir de la page de d\u00e9tail des films sur le bouton \u00ab\u00a0Ajouter \u00e0 la Playlist\u00a0\u00bb.<\/p>\n","protected":false},"author":1,"featured_media":0,"parent":2,"menu_order":51,"comment_status":"closed","ping_status":"closed","template":"","meta":[],"post_title":null,"featured":null,"_wp_page_template":null,"_links":{"self":[{"href":"https:\/\/cms.avnode.net\/fr\/wp-json\/wp\/v2\/pages\/28"}],"collection":[{"href":"https:\/\/cms.avnode.net\/fr\/wp-json\/wp\/v2\/pages"}],"about":[{"href":"https:\/\/cms.avnode.net\/fr\/wp-json\/wp\/v2\/types\/page"}],"author":[{"embeddable":true,"href":"https:\/\/cms.avnode.net\/fr\/wp-json\/wp\/v2\/users\/1"}],"replies":[{"embeddable":true,"href":"https:\/\/cms.avnode.net\/fr\/wp-json\/wp\/v2\/comments?post=28"}],"version-history":[{"count":0,"href":"https:\/\/cms.avnode.net\/fr\/wp-json\/wp\/v2\/pages\/28\/revisions"}],"up":[{"embeddable":true,"href":"https:\/\/cms.avnode.net\/fr\/wp-json\/wp\/v2\/pages\/2"}],"wp:attachment":[{"href":"https:\/\/cms.avnode.net\/fr\/wp-json\/wp\/v2\/media?parent=28"}],"curies":[{"name":"wp","href":"https:\/\/api.w.org\/{rel}","templated":true}]}}