	
{"id":34,"date":"2012-04-27T17:18:30","date_gmt":"2012-04-27T17:18:30","guid":{"rendered":"http:\/\/avnode-net.dev.flyer.it\/?page_id=34"},"modified":"2012-08-28T22:01:45","modified_gmt":"2012-08-28T22:01:45","slug":"rss-and-feed","status":"publish","type":"page","link":"https:\/\/cms.avnode.net\/fr\/site-contents\/rss-and-feed\/","title":{"rendered":"RSS et RSS"},"content":{"rendered":"<p><\/p>\n<p>Restez \u00e0 jour gr\u00e2ce aux flux RSS (Really Simple Syndication), un syst\u00e8me de distribution de contenus sur l&rsquo;Internet.<\/p>\n<p>Pour vous inscrire et afficher les flux auxquels vous suffit d&rsquo;une connexion Internet et un lecteur RSS, ou d&rsquo;un programme personnalis\u00e9 qui permet l&rsquo;utilisation (Bloglines, FeedReader, Google Reader, etc ..)<\/p>\n<p><\/p>","protected":false},"excerpt":{"rendered":"<p>Restez \u00e0 jour gr\u00e2ce aux flux RSS (Really Simple Syndication), un syst\u00e8me de distribution de contenus sur l&rsquo;Internet. Pour vous inscrire et afficher les flux auxquels vous suffit d&rsquo;une connexion Internet et un lecteur RSS, ou d&rsquo;un programme personnalis\u00e9 qui permet l&rsquo;utilisation (Bloglines, FeedReader, Google Reader, etc ..)<\/p>\n","protected":false},"author":1,"featured_media":0,"parent":202,"menu_order":2,"comment_status":"closed","ping_status":"closed","template":"","meta":[],"post_title":null,"featured":null,"_wp_page_template":null,"_links":{"self":[{"href":"https:\/\/cms.avnode.net\/fr\/wp-json\/wp\/v2\/pages\/34"}],"collection":[{"href":"https:\/\/cms.avnode.net\/fr\/wp-json\/wp\/v2\/pages"}],"about":[{"href":"https:\/\/cms.avnode.net\/fr\/wp-json\/wp\/v2\/types\/page"}],"author":[{"embeddable":true,"href":"https:\/\/cms.avnode.net\/fr\/wp-json\/wp\/v2\/users\/1"}],"replies":[{"embeddable":true,"href":"https:\/\/cms.avnode.net\/fr\/wp-json\/wp\/v2\/comments?post=34"}],"version-history":[{"count":0,"href":"https:\/\/cms.avnode.net\/fr\/wp-json\/wp\/v2\/pages\/34\/revisions"}],"up":[{"embeddable":true,"href":"https:\/\/cms.avnode.net\/fr\/wp-json\/wp\/v2\/pages\/202"}],"wp:attachment":[{"href":"https:\/\/cms.avnode.net\/fr\/wp-json\/wp\/v2\/media?parent=34"}],"curies":[{"name":"wp","href":"https:\/\/api.w.org\/{rel}","templated":true}]}}