	
{"id":36,"date":"2012-04-27T17:18:30","date_gmt":"2012-04-27T17:18:30","guid":{"rendered":"http:\/\/avnode-net.dev.flyer.it\/?page_id=36"},"modified":"2015-09-14T23:47:53","modified_gmt":"2015-09-14T23:47:53","slug":"submission-completed","status":"publish","type":"page","link":"https:\/\/cms.avnode.net\/fr\/subscriptions-extra-help\/submission-completed\/","title":{"rendered":"Soumission compl\u00e8te"},"content":{"rendered":"<p><\/p>\n<p>Merci! Votre performance a \u00e9t\u00e9 soumis avec succ\u00e8s au ####currentEdition####. <\/p>\n<p> <strong>S&rsquo;il vous pla\u00eet, sachez que toutes les informations sur la performance et l&rsquo;h\u00e9bergement seront envoy\u00e9s \u00e0 l&rsquo;adresse e-mail que vous avez indiqu\u00e9 lors de la cr\u00e9ation de votre profil FLxER. <br \/> <\/strong><br \/> Si vous souhaitez nous contacter, n&rsquo;h\u00e9sitez pas \u00e0 envoyer un e-mail \u00e0 <a href=\"mailto:####subemail####\">####subemail####<\/a>.<\/p>\n<p><\/p>","protected":false},"excerpt":{"rendered":"<p>Merci! Votre performance a \u00e9t\u00e9 soumis avec succ\u00e8s au ####currentEdition####. S&rsquo;il vous pla\u00eet, sachez que toutes les informations sur la performance et l&rsquo;h\u00e9bergement seront envoy\u00e9s \u00e0 l&rsquo;adresse e-mail que vous avez indiqu\u00e9 lors de la cr\u00e9ation de votre profil FLxER. Si vous souhaitez nous contacter, n&rsquo;h\u00e9sitez pas \u00e0 envoyer un e-mail \u00e0 ####subemail####.<\/p>\n","protected":false},"author":1,"featured_media":0,"parent":111,"menu_order":22,"comment_status":"closed","ping_status":"closed","template":"","meta":[],"post_title":null,"featured":null,"_wp_page_template":null,"_links":{"self":[{"href":"https:\/\/cms.avnode.net\/fr\/wp-json\/wp\/v2\/pages\/36"}],"collection":[{"href":"https:\/\/cms.avnode.net\/fr\/wp-json\/wp\/v2\/pages"}],"about":[{"href":"https:\/\/cms.avnode.net\/fr\/wp-json\/wp\/v2\/types\/page"}],"author":[{"embeddable":true,"href":"https:\/\/cms.avnode.net\/fr\/wp-json\/wp\/v2\/users\/1"}],"replies":[{"embeddable":true,"href":"https:\/\/cms.avnode.net\/fr\/wp-json\/wp\/v2\/comments?post=36"}],"version-history":[{"count":0,"href":"https:\/\/cms.avnode.net\/fr\/wp-json\/wp\/v2\/pages\/36\/revisions"}],"up":[{"embeddable":true,"href":"https:\/\/cms.avnode.net\/fr\/wp-json\/wp\/v2\/pages\/111"}],"wp:attachment":[{"href":"https:\/\/cms.avnode.net\/fr\/wp-json\/wp\/v2\/media?parent=36"}],"curies":[{"name":"wp","href":"https:\/\/api.w.org\/{rel}","templated":true}]}}