	
{"id":364,"date":"2012-08-30T22:41:18","date_gmt":"2012-08-30T22:41:18","guid":{"rendered":"http:\/\/avnode-net.dev.flyer.it\/?page_id=364"},"modified":"2012-09-28T11:36:51","modified_gmt":"2012-09-28T11:36:51","slug":"vj-set-selection","status":"publish","type":"page","link":"https:\/\/cms.avnode.net\/fr\/subscriptions-extra-help\/vj-set-selection\/","title":{"rendered":"S\u00e9lection d&rsquo;une VJ Set"},"content":{"rendered":"<p><\/p>\n<p>S&rsquo;il vous pla\u00eet s\u00e9lectionnez une performance de soumettre au <strong>VJ TORNA<\/strong>.<br \/> S\u00e9lectionnez une performance de la liste \u00e0 gauche ou cliquez sur \u00ab\u00a0Nouvelle performance\u00a0\u00bb pour cr\u00e9er une performance suppl\u00e9mentaire.<\/p>\n<p> Vous pouvez soumettre:<\/p>\n<ul>\n<li>VJ SET<\/li>\n<\/ul>\n<p><\/p>","protected":false},"excerpt":{"rendered":"<p>S&rsquo;il vous pla\u00eet s\u00e9lectionnez une performance de soumettre au VJ TORNA. S\u00e9lectionnez une performance de la liste \u00e0 gauche ou cliquez sur \u00ab\u00a0Nouvelle performance\u00a0\u00bb pour cr\u00e9er une performance suppl\u00e9mentaire. Vous pouvez soumettre: VJ SET<\/p>\n","protected":false},"author":1,"featured_media":0,"parent":111,"menu_order":18,"comment_status":"closed","ping_status":"closed","template":"","meta":[],"post_title":null,"featured":null,"_wp_page_template":null,"_links":{"self":[{"href":"https:\/\/cms.avnode.net\/fr\/wp-json\/wp\/v2\/pages\/364"}],"collection":[{"href":"https:\/\/cms.avnode.net\/fr\/wp-json\/wp\/v2\/pages"}],"about":[{"href":"https:\/\/cms.avnode.net\/fr\/wp-json\/wp\/v2\/types\/page"}],"author":[{"embeddable":true,"href":"https:\/\/cms.avnode.net\/fr\/wp-json\/wp\/v2\/users\/1"}],"replies":[{"embeddable":true,"href":"https:\/\/cms.avnode.net\/fr\/wp-json\/wp\/v2\/comments?post=364"}],"version-history":[{"count":0,"href":"https:\/\/cms.avnode.net\/fr\/wp-json\/wp\/v2\/pages\/364\/revisions"}],"up":[{"embeddable":true,"href":"https:\/\/cms.avnode.net\/fr\/wp-json\/wp\/v2\/pages\/111"}],"wp:attachment":[{"href":"https:\/\/cms.avnode.net\/fr\/wp-json\/wp\/v2\/media?parent=364"}],"curies":[{"name":"wp","href":"https:\/\/api.w.org\/{rel}","templated":true}]}}