	
{"id":38,"date":"2012-04-27T17:18:30","date_gmt":"2012-04-27T17:18:30","guid":{"rendered":"http:\/\/avnode-net.dev.flyer.it\/?page_id=38"},"modified":"2015-09-14T23:49:10","modified_gmt":"2015-09-14T23:49:10","slug":"category","status":"publish","type":"page","link":"https:\/\/cms.avnode.net\/fr\/subscriptions-extra-help\/category\/","title":{"rendered":"Cat\u00e9gorie"},"content":{"rendered":"<p><\/p>\n<p>Ici, vous pouvez indiquer quel th\u00e8me se rapporte au mieux au contenu du projet que vous souhaitez montrer au VJ Torna. <\/p>\n<p>Dans certains cas, l&rsquo;\u00e9quipe du ####currentEdition#### peut modifier votre s\u00e9lection \u00e0 un sujet plus appropri\u00e9. L&rsquo;\u00e9quipe du VJ Torna prendra contact avec vous afin de confirmer toute modification.<\/p>\n<p><\/p>","protected":false},"excerpt":{"rendered":"<p>Ici, vous pouvez indiquer quel th\u00e8me se rapporte au mieux au contenu du projet que vous souhaitez montrer au VJ Torna. Dans certains cas, l&rsquo;\u00e9quipe du ####currentEdition#### peut modifier votre s\u00e9lection \u00e0 un sujet plus appropri\u00e9. L&rsquo;\u00e9quipe du VJ Torna prendra contact avec vous afin de confirmer toute modification.<\/p>\n","protected":false},"author":1,"featured_media":0,"parent":111,"menu_order":18,"comment_status":"closed","ping_status":"closed","template":"","meta":[],"post_title":null,"featured":null,"_wp_page_template":null,"_links":{"self":[{"href":"https:\/\/cms.avnode.net\/fr\/wp-json\/wp\/v2\/pages\/38"}],"collection":[{"href":"https:\/\/cms.avnode.net\/fr\/wp-json\/wp\/v2\/pages"}],"about":[{"href":"https:\/\/cms.avnode.net\/fr\/wp-json\/wp\/v2\/types\/page"}],"author":[{"embeddable":true,"href":"https:\/\/cms.avnode.net\/fr\/wp-json\/wp\/v2\/users\/1"}],"replies":[{"embeddable":true,"href":"https:\/\/cms.avnode.net\/fr\/wp-json\/wp\/v2\/comments?post=38"}],"version-history":[{"count":0,"href":"https:\/\/cms.avnode.net\/fr\/wp-json\/wp\/v2\/pages\/38\/revisions"}],"up":[{"embeddable":true,"href":"https:\/\/cms.avnode.net\/fr\/wp-json\/wp\/v2\/pages\/111"}],"wp:attachment":[{"href":"https:\/\/cms.avnode.net\/fr\/wp-json\/wp\/v2\/media?parent=38"}],"curies":[{"name":"wp","href":"https:\/\/api.w.org\/{rel}","templated":true}]}}