	
{"id":39,"date":"2012-04-27T17:18:30","date_gmt":"2012-04-27T17:18:30","guid":{"rendered":"http:\/\/avnode-net.dev.flyer.it\/?page_id=39"},"modified":"2012-09-24T13:13:55","modified_gmt":"2012-09-24T13:13:55","slug":"submit","status":"publish","type":"page","link":"https:\/\/cms.avnode.net\/fr\/subscriptions-extra-help\/submit\/","title":{"rendered":"Soumettre"},"content":{"rendered":"<p><\/p>\n<p>V\u00e9rifiez les donn\u00e9es concernant les performances et les artistes. <\/p>\n<p>Si vous voulez changer quelque chose ou pour ajouter les informations manquantes cliquez sur le bouton \u00ab\u00a0Modifier\u00a0\u00bb. Puis cliquez sur \u00ab\u00a0Envoyer\u00a0\u00bb en bas de la page pour compl\u00e9ter votre inscription.  <\/p>\n<p><strong>S&rsquo;il vous pla\u00eet, sachez que toutes les informations sur la performance et l&rsquo;h\u00e9bergement seront envoy\u00e9s \u00e0 l&rsquo;adresse e-mail que vous avez indiqu\u00e9 lors de la cr\u00e9ation de votre profil FLxER.<\/strong><\/p>\n<p><\/p>","protected":false},"excerpt":{"rendered":"<p>V\u00e9rifiez les donn\u00e9es concernant les performances et les artistes. Si vous voulez changer quelque chose ou pour ajouter les informations manquantes cliquez sur le bouton \u00ab\u00a0Modifier\u00a0\u00bb. Puis cliquez sur \u00ab\u00a0Envoyer\u00a0\u00bb en bas de la page pour compl\u00e9ter votre inscription. S&rsquo;il vous pla\u00eet, sachez que toutes les informations sur la performance et l&rsquo;h\u00e9bergement seront envoy\u00e9s \u00e0 [&hellip;]<\/p>\n","protected":false},"author":1,"featured_media":0,"parent":111,"menu_order":21,"comment_status":"closed","ping_status":"closed","template":"","meta":[],"post_title":null,"featured":null,"_wp_page_template":null,"_links":{"self":[{"href":"https:\/\/cms.avnode.net\/fr\/wp-json\/wp\/v2\/pages\/39"}],"collection":[{"href":"https:\/\/cms.avnode.net\/fr\/wp-json\/wp\/v2\/pages"}],"about":[{"href":"https:\/\/cms.avnode.net\/fr\/wp-json\/wp\/v2\/types\/page"}],"author":[{"embeddable":true,"href":"https:\/\/cms.avnode.net\/fr\/wp-json\/wp\/v2\/users\/1"}],"replies":[{"embeddable":true,"href":"https:\/\/cms.avnode.net\/fr\/wp-json\/wp\/v2\/comments?post=39"}],"version-history":[{"count":0,"href":"https:\/\/cms.avnode.net\/fr\/wp-json\/wp\/v2\/pages\/39\/revisions"}],"up":[{"embeddable":true,"href":"https:\/\/cms.avnode.net\/fr\/wp-json\/wp\/v2\/pages\/111"}],"wp:attachment":[{"href":"https:\/\/cms.avnode.net\/fr\/wp-json\/wp\/v2\/media?parent=39"}],"curies":[{"name":"wp","href":"https:\/\/api.w.org\/{rel}","templated":true}]}}