	
{"id":46,"date":"2012-04-27T17:18:30","date_gmt":"2012-04-27T17:18:30","guid":{"rendered":"http:\/\/avnode-net.dev.flyer.it\/?page_id=46"},"modified":"2012-10-30T13:03:00","modified_gmt":"2012-10-30T13:03:00","slug":"author","status":"publish","type":"page","link":"https:\/\/cms.avnode.net\/fr\/subscriptions-extra-help\/author\/","title":{"rendered":"Auteur"},"content":{"rendered":"<p><\/p>\n<p>S&rsquo;il vous pla\u00eet, s\u00e9lectionnez l&rsquo;auteur de la performance que vous souhaitez soumettre. <\/p>\n<p> Si vous voulez cr\u00e9er une nouvelle \u00e9quipe, s&rsquo;il vous pla\u00eet cliquez sur le bouton \u00ab\u00a0Nouveau crew\u00a0\u00bb<\/p>\n<p><\/p>","protected":false},"excerpt":{"rendered":"<p>S&rsquo;il vous pla\u00eet, s\u00e9lectionnez l&rsquo;auteur de la performance que vous souhaitez soumettre. Si vous voulez cr\u00e9er une nouvelle \u00e9quipe, s&rsquo;il vous pla\u00eet cliquez sur le bouton \u00ab\u00a0Nouveau crew\u00a0\u00bb<\/p>\n","protected":false},"author":1,"featured_media":0,"parent":111,"menu_order":15,"comment_status":"closed","ping_status":"closed","template":"","meta":[],"post_title":null,"featured":null,"_wp_page_template":null,"_links":{"self":[{"href":"https:\/\/cms.avnode.net\/fr\/wp-json\/wp\/v2\/pages\/46"}],"collection":[{"href":"https:\/\/cms.avnode.net\/fr\/wp-json\/wp\/v2\/pages"}],"about":[{"href":"https:\/\/cms.avnode.net\/fr\/wp-json\/wp\/v2\/types\/page"}],"author":[{"embeddable":true,"href":"https:\/\/cms.avnode.net\/fr\/wp-json\/wp\/v2\/users\/1"}],"replies":[{"embeddable":true,"href":"https:\/\/cms.avnode.net\/fr\/wp-json\/wp\/v2\/comments?post=46"}],"version-history":[{"count":0,"href":"https:\/\/cms.avnode.net\/fr\/wp-json\/wp\/v2\/pages\/46\/revisions"}],"up":[{"embeddable":true,"href":"https:\/\/cms.avnode.net\/fr\/wp-json\/wp\/v2\/pages\/111"}],"wp:attachment":[{"href":"https:\/\/cms.avnode.net\/fr\/wp-json\/wp\/v2\/media?parent=46"}],"curies":[{"name":"wp","href":"https:\/\/api.w.org\/{rel}","templated":true}]}}