	
{"id":47,"date":"2012-04-27T17:18:30","date_gmt":"2012-04-27T17:18:30","guid":{"rendered":"http:\/\/avnode-net.dev.flyer.it\/?page_id=47"},"modified":"2015-09-14T23:45:11","modified_gmt":"2015-09-14T23:45:11","slug":"performance-selection","status":"publish","type":"page","link":"https:\/\/cms.avnode.net\/fr\/subscriptions-extra-help\/performance-selection\/","title":{"rendered":"S\u00e9lection d&rsquo;une performance"},"content":{"rendered":"<p><\/p>\n<p>S&rsquo;il vous pla\u00eet s\u00e9lectionnez une performance de soumettre au <strong>####currentEdition####<\/strong>.<br \/> S\u00e9lectionnez une performance de la liste \u00e0 gauche ou cliquez sur \u00ab\u00a0Nouvelle performance\u00a0\u00bb pour cr\u00e9er une performance suppl\u00e9mentaire.<\/p>\n<p> Vous pouvez soumettre:<\/p>\n<ul>\n<li>AV Performance<\/li>\n<li>Workshop<\/li>\n<li>VJ SET<\/li>\n<li>DJ SET<\/li>\n<li>Project showcase<\/li>\n<li>Video Installation<\/li>\n<\/ul>\n<p><\/p>","protected":false},"excerpt":{"rendered":"<p>S&rsquo;il vous pla\u00eet s\u00e9lectionnez une performance de soumettre au ####currentEdition####. S\u00e9lectionnez une performance de la liste \u00e0 gauche ou cliquez sur \u00ab\u00a0Nouvelle performance\u00a0\u00bb pour cr\u00e9er une performance suppl\u00e9mentaire. Vous pouvez soumettre: AV Performance Workshop VJ SET DJ SET Project showcase Video Installation<\/p>\n","protected":false},"author":1,"featured_media":0,"parent":111,"menu_order":18,"comment_status":"closed","ping_status":"closed","template":"","meta":[],"post_title":null,"featured":null,"_wp_page_template":null,"_links":{"self":[{"href":"https:\/\/cms.avnode.net\/fr\/wp-json\/wp\/v2\/pages\/47"}],"collection":[{"href":"https:\/\/cms.avnode.net\/fr\/wp-json\/wp\/v2\/pages"}],"about":[{"href":"https:\/\/cms.avnode.net\/fr\/wp-json\/wp\/v2\/types\/page"}],"author":[{"embeddable":true,"href":"https:\/\/cms.avnode.net\/fr\/wp-json\/wp\/v2\/users\/1"}],"replies":[{"embeddable":true,"href":"https:\/\/cms.avnode.net\/fr\/wp-json\/wp\/v2\/comments?post=47"}],"version-history":[{"count":0,"href":"https:\/\/cms.avnode.net\/fr\/wp-json\/wp\/v2\/pages\/47\/revisions"}],"up":[{"embeddable":true,"href":"https:\/\/cms.avnode.net\/fr\/wp-json\/wp\/v2\/pages\/111"}],"wp:attachment":[{"href":"https:\/\/cms.avnode.net\/fr\/wp-json\/wp\/v2\/media?parent=47"}],"curies":[{"name":"wp","href":"https:\/\/api.w.org\/{rel}","templated":true}]}}