	
{"id":48,"date":"2012-04-27T17:18:30","date_gmt":"2012-04-27T17:18:30","guid":{"rendered":"http:\/\/avnode-net.dev.flyer.it\/?page_id=48"},"modified":"2012-09-28T11:28:21","modified_gmt":"2012-09-28T11:28:21","slug":"login-or-register","status":"publish","type":"page","link":"https:\/\/cms.avnode.net\/fr\/subscriptions-extra-help\/login-or-register\/","title":{"rendered":"Connectez-vous ou inscrivez-vous"},"content":{"rendered":"<p><\/p>\n<p>Si vous avez d\u00e9j\u00e0 un compte FLxER.net s&rsquo;il vous pla\u00eet connectez-vous; si vous ne l&rsquo;avez pas, vous pouvez vous inscrire maintenant en utilisant l&rsquo;une des 2 m\u00e9thodes suivantes: \u2028 \u2028<br \/> <strong><br \/> M\u00e9thode 1 (n\u00e9cessite une confirmation par e-mail)<br \/> <\/strong>Remplissez-vous un formulaire avec vos donn\u00e9es personnelles.Il s&rsquo;agit de la m\u00e9thode d&rsquo;enregistrement traditionnel. <\/p>\n<p> Une fois que vous avez soumis vos donn\u00e9es, nous vous enverrons un e-mail de confirmation et vous pourrez cr\u00e9er votre profil. <br \/> <strong><br \/> M\u00e9thode 2 (ne n\u00e9cessite pas de confirmation par e-mail)<\/strong> Registrez-vous en utilisant un compte d\u00e9j\u00e0 existant de l&rsquo;un des r\u00e9seaux sociaux \u00e9num\u00e9r\u00e9s ci-dessous.<\/p>\n<p> S&rsquo;il vous pla\u00eet noter que nous n&rsquo;avons pas un acc\u00e8s \u00e0 vos donn\u00e9es personnelles. Les r\u00e9seaux sociaux nous donnent seulement quelques informations de base qui garantissent que l&rsquo;adresse e-mail que vous avez indiqu\u00e9 est valable. Une fois l&rsquo;inscription est termin\u00e9e, vous serez imm\u00e9diatement capable de configurer votre profil. <\/p>\n<p> Si vous avez oubli\u00e9 votre mot de passe, vous pouvez en demander un nouveau visitant cette page: <span style=\"text-decoration: underline\"><a href=\"http:\/\/flxer.net\/controlpanel\/passwordRequest.php\">D\u00e9tails pour demander une connexion<\/a><\/span><\/p>\n<p><\/p>","protected":false},"excerpt":{"rendered":"<p>Si vous avez d\u00e9j\u00e0 un compte FLxER.net s&rsquo;il vous pla\u00eet connectez-vous; si vous ne l&rsquo;avez pas, vous pouvez vous inscrire maintenant en utilisant l&rsquo;une des 2 m\u00e9thodes suivantes: \u2028 \u2028 M\u00e9thode 1 (n\u00e9cessite une confirmation par e-mail) Remplissez-vous un formulaire avec vos donn\u00e9es personnelles.Il s&rsquo;agit de la m\u00e9thode d&rsquo;enregistrement traditionnel. Une fois que vous avez [&hellip;]<\/p>\n","protected":false},"author":1,"featured_media":0,"parent":111,"menu_order":15,"comment_status":"closed","ping_status":"closed","template":"","meta":[],"post_title":null,"featured":null,"_wp_page_template":null,"_links":{"self":[{"href":"https:\/\/cms.avnode.net\/fr\/wp-json\/wp\/v2\/pages\/48"}],"collection":[{"href":"https:\/\/cms.avnode.net\/fr\/wp-json\/wp\/v2\/pages"}],"about":[{"href":"https:\/\/cms.avnode.net\/fr\/wp-json\/wp\/v2\/types\/page"}],"author":[{"embeddable":true,"href":"https:\/\/cms.avnode.net\/fr\/wp-json\/wp\/v2\/users\/1"}],"replies":[{"embeddable":true,"href":"https:\/\/cms.avnode.net\/fr\/wp-json\/wp\/v2\/comments?post=48"}],"version-history":[{"count":0,"href":"https:\/\/cms.avnode.net\/fr\/wp-json\/wp\/v2\/pages\/48\/revisions"}],"up":[{"embeddable":true,"href":"https:\/\/cms.avnode.net\/fr\/wp-json\/wp\/v2\/pages\/111"}],"wp:attachment":[{"href":"https:\/\/cms.avnode.net\/fr\/wp-json\/wp\/v2\/media?parent=48"}],"curies":[{"name":"wp","href":"https:\/\/api.w.org\/{rel}","templated":true}]}}