	
{"id":49,"date":"2012-04-27T17:18:30","date_gmt":"2012-04-27T17:18:30","guid":{"rendered":"http:\/\/avnode-net.dev.flyer.it\/?page_id=49"},"modified":"2012-10-30T12:36:50","modified_gmt":"2012-10-30T12:36:50","slug":"new-account","status":"publish","type":"page","link":"https:\/\/cms.avnode.net\/fr\/online-help\/new-account\/","title":{"rendered":"Nouveau compte"},"content":{"rendered":"<p><\/p>\n<p><strong>M\u00e9thode 1 (il n\u00e9cessite une confirmation par e-mail)<\/strong><br \/>Remplissez-vous le formulaire avec vos donn\u00e9es personnelles. Il s&rsquo;agit de la m\u00e9thode d&rsquo;enregistrement traditionnel.<\/p>\n<p>Une fois que vous avez soumis vos donn\u00e9es, nous vous enverrons une confirmation par courrier \u00e9lectronique ainsi vous pourrez cr\u00e9er votre profil.<\/p>\n<p><\/p>","protected":false},"excerpt":{"rendered":"<p>M\u00e9thode 1 (il n\u00e9cessite une confirmation par e-mail)Remplissez-vous le formulaire avec vos donn\u00e9es personnelles. Il s&rsquo;agit de la m\u00e9thode d&rsquo;enregistrement traditionnel. Une fois que vous avez soumis vos donn\u00e9es, nous vous enverrons une confirmation par courrier \u00e9lectronique ainsi vous pourrez cr\u00e9er votre profil.<\/p>\n","protected":false},"author":1,"featured_media":0,"parent":2,"menu_order":22,"comment_status":"closed","ping_status":"closed","template":"","meta":[],"post_title":null,"featured":null,"_wp_page_template":null,"_links":{"self":[{"href":"https:\/\/cms.avnode.net\/fr\/wp-json\/wp\/v2\/pages\/49"}],"collection":[{"href":"https:\/\/cms.avnode.net\/fr\/wp-json\/wp\/v2\/pages"}],"about":[{"href":"https:\/\/cms.avnode.net\/fr\/wp-json\/wp\/v2\/types\/page"}],"author":[{"embeddable":true,"href":"https:\/\/cms.avnode.net\/fr\/wp-json\/wp\/v2\/users\/1"}],"replies":[{"embeddable":true,"href":"https:\/\/cms.avnode.net\/fr\/wp-json\/wp\/v2\/comments?post=49"}],"version-history":[{"count":0,"href":"https:\/\/cms.avnode.net\/fr\/wp-json\/wp\/v2\/pages\/49\/revisions"}],"up":[{"embeddable":true,"href":"https:\/\/cms.avnode.net\/fr\/wp-json\/wp\/v2\/pages\/2"}],"wp:attachment":[{"href":"https:\/\/cms.avnode.net\/fr\/wp-json\/wp\/v2\/media?parent=49"}],"curies":[{"name":"wp","href":"https:\/\/api.w.org\/{rel}","templated":true}]}}