	
{"id":53,"date":"2012-04-27T17:18:30","date_gmt":"2012-04-27T17:18:30","guid":{"rendered":"http:\/\/avnode-net.dev.flyer.it\/?page_id=53"},"modified":"2012-09-24T13:11:02","modified_gmt":"2012-09-24T13:11:02","slug":"accommodation-dates","status":"publish","type":"page","link":"https:\/\/cms.avnode.net\/fr\/subscriptions-extra-help\/accommodation-dates\/","title":{"rendered":"H\u00e9bergement &#8211; dates"},"content":{"rendered":"<p><\/p>\n<p>S&rsquo;IL VOUS PLA\u00ceT REMARQUEZ: <br \/>\nSeulement aux artistes qui apparaissent dans la liste de gauche seront garantie:<\/p>\n<ul>\n<li>Pass<\/li>\n<li>Entr\u00e9e gratuite<\/li>\n<li>H\u00e9bergement (sous r\u00e9serve de disponibilit\u00e9)<\/li>\n<\/ul>\n<p>Si la liste ne comprend pas un des artistes interpr\u00e8tes ou ex\u00e9cutants, cliquez sur \u00ab\u00a0Ajouter artiste\u00bb pour y inclure un autre membre de votre \u00e9quipe.<\/p>\n<p><\/p>","protected":false},"excerpt":{"rendered":"<p>S&rsquo;IL VOUS PLA\u00ceT REMARQUEZ: Seulement aux artistes qui apparaissent dans la liste de gauche seront garantie: Pass Entr\u00e9e gratuite H\u00e9bergement (sous r\u00e9serve de disponibilit\u00e9) Si la liste ne comprend pas un des artistes interpr\u00e8tes ou ex\u00e9cutants, cliquez sur \u00ab\u00a0Ajouter artiste\u00bb pour y inclure un autre membre de votre \u00e9quipe.<\/p>\n","protected":false},"author":1,"featured_media":0,"parent":111,"menu_order":20,"comment_status":"closed","ping_status":"closed","template":"","meta":[],"post_title":null,"featured":null,"_wp_page_template":null,"_links":{"self":[{"href":"https:\/\/cms.avnode.net\/fr\/wp-json\/wp\/v2\/pages\/53"}],"collection":[{"href":"https:\/\/cms.avnode.net\/fr\/wp-json\/wp\/v2\/pages"}],"about":[{"href":"https:\/\/cms.avnode.net\/fr\/wp-json\/wp\/v2\/types\/page"}],"author":[{"embeddable":true,"href":"https:\/\/cms.avnode.net\/fr\/wp-json\/wp\/v2\/users\/1"}],"replies":[{"embeddable":true,"href":"https:\/\/cms.avnode.net\/fr\/wp-json\/wp\/v2\/comments?post=53"}],"version-history":[{"count":0,"href":"https:\/\/cms.avnode.net\/fr\/wp-json\/wp\/v2\/pages\/53\/revisions"}],"up":[{"embeddable":true,"href":"https:\/\/cms.avnode.net\/fr\/wp-json\/wp\/v2\/pages\/111"}],"wp:attachment":[{"href":"https:\/\/cms.avnode.net\/fr\/wp-json\/wp\/v2\/media?parent=53"}],"curies":[{"name":"wp","href":"https:\/\/api.w.org\/{rel}","templated":true}]}}