	
{"id":54,"date":"2012-04-27T17:18:30","date_gmt":"2012-04-27T17:18:30","guid":{"rendered":"http:\/\/avnode-net.dev.flyer.it\/?page_id=54"},"modified":"2018-01-26T18:39:41","modified_gmt":"2018-01-26T18:39:41","slug":"performers-terms-conditions","status":"publish","type":"page","link":"https:\/\/cms.avnode.net\/fr\/subscriptions-contents\/performers-terms-conditions\/","title":{"rendered":"PERFORMERS: Termes et conditions"},"content":{"rendered":"<p><\/p>\n<p><strong>LPM est un r\u00e9union.<\/strong><br \/> <strong><br \/> <\/strong>LPM offre le lieu, les ressources et les technologies afin de soutenir les rencontres entre les personnes activement impliqu\u00e9es dans le domaine de la vid\u00e9o en direct. Nous visons \u00e0 offrir au public et aux participants un programme riche en ateliers, expositions et spectacles audio-vid\u00e9o. \u2028 \u2028La direct, le caract\u00e8re en temps r\u00e9el des spectacles pr\u00e9sent\u00e9s pendant l&rsquo;\u00e9v\u00e9nement et la possibilit\u00e9 de prendre part librement \u00e0 la r\u00e9union sont parmi les aspects les plus importants de LPM. Toute personne souhaitant participer peuvent s&rsquo;inscrire en ligne et s&rsquo;exhiber GRATUITEMENT.<\/p>\n<ol>\n<li>L&rsquo;inscription est gratuit et comprend l&rsquo;acc\u00e8s \u00e0 toutes les activit\u00e9s de l&rsquo;\u00e9v\u00e9nement (sauf que pour les ateliers \u00e0 payer), plus un boisson par jour.<\/li>\n<li>La date maximum pour s&rsquo;inscrire est le <strong>###performers-deadline###<\/strong>.<\/li>\n<li>LPM n&rsquo;est pas un festival o\u00f9 quelques artistes sont choisis par un group de conservateurs. LPM est une r\u00e9union, nous encourageons tous ceux qui souhaitent contribuer \u00e0 prendre part \u00e0 l&rsquo;\u00e9v\u00e9nement. Toutefois, en raison de la grande quantit\u00e9 de propositions que nous recevons, nous ne sommes pas capable de couvrir les frais de voyage de chaque artiste. Donc, nous tenons \u00e0 rappeler que <span style=\"text-decoration: underline\">les frais de voyage sont en charge des artistes<\/span>. Notre personnel fournira un logement gratuit, une boisson et un repas pour chacun des quatre jours de la r\u00e9union.<\/li>\n<li><strong>L&rsquo;h\u00e9bergement pour les artistes performers est possible ###accommodation-period###. L&rsquo;h\u00e9bergement est disponibles en triple \/ quadruple \/ dortoirs, selon la base &lsquo;premiers arriv\u00e9s, premiers servis&rsquo;.<\/strong><\/li>\n<li>Solutions disponibles en chambres simples et doubles \u00e0 ###performers-silusso### par personne et par jour.<\/li>\n<li>Les amis et les partenaires des artistes peuvent \u00e9galement r\u00e9server un logement \u00e0 un prix abordable \u00e0 partir de la page <a href=\"..\/participate\/?lpm_sub_type=visitors\">Special Package<\/a> du site web LPM.<\/li>\n<li>En raison de contraintes logistiques et de temps, il peut arriver que certaines exhibitions et ex\u00e9cutions audiovisuelles ne seront pas inclus dans le programme officiel: la priorit\u00e9 sera accord\u00e9e aux projets qui sont consid\u00e9r\u00e9s comme particuli\u00e8rement int\u00e9ressantes pour la majorit\u00e9 des participants.<\/li>\n<li><strong>La dur\u00e9e maximale de chaque performance est fix\u00e9e de 30 minutes.<\/strong><\/li>\n<li>\u00c0 la discr\u00e9tion des organisateurs, des spectacles avec trop compliqu\u00e9 exigences techniques et logistiques peuvent \u00eatre exclus. <span style=\"text-decoration: underline\">N&rsquo;h\u00e9sitez pas \u00e0 nous contacter directement<\/span> via subscriptions [at] liveperformersmeeting [dot] netpour discuter de votre proposition \u00e0 l&rsquo;avance.<\/li>\n<\/ol>\n<p><\/p>","protected":false},"excerpt":{"rendered":"<p>LPM est un r\u00e9union. LPM offre le lieu, les ressources et les technologies afin de soutenir les rencontres entre les personnes activement impliqu\u00e9es dans le domaine de la vid\u00e9o en direct. Nous visons \u00e0 offrir au public et aux participants un programme riche en ateliers, expositions et spectacles audio-vid\u00e9o. \u2028 \u2028La direct, le caract\u00e8re en [&hellip;]<\/p>\n","protected":false},"author":1,"featured_media":0,"parent":150,"menu_order":4,"comment_status":"closed","ping_status":"closed","template":"","meta":[],"post_title":null,"featured":null,"_wp_page_template":null,"_links":{"self":[{"href":"https:\/\/cms.avnode.net\/fr\/wp-json\/wp\/v2\/pages\/54"}],"collection":[{"href":"https:\/\/cms.avnode.net\/fr\/wp-json\/wp\/v2\/pages"}],"about":[{"href":"https:\/\/cms.avnode.net\/fr\/wp-json\/wp\/v2\/types\/page"}],"author":[{"embeddable":true,"href":"https:\/\/cms.avnode.net\/fr\/wp-json\/wp\/v2\/users\/1"}],"replies":[{"embeddable":true,"href":"https:\/\/cms.avnode.net\/fr\/wp-json\/wp\/v2\/comments?post=54"}],"version-history":[{"count":0,"href":"https:\/\/cms.avnode.net\/fr\/wp-json\/wp\/v2\/pages\/54\/revisions"}],"up":[{"embeddable":true,"href":"https:\/\/cms.avnode.net\/fr\/wp-json\/wp\/v2\/pages\/150"}],"wp:attachment":[{"href":"https:\/\/cms.avnode.net\/fr\/wp-json\/wp\/v2\/media?parent=54"}],"curies":[{"name":"wp","href":"https:\/\/api.w.org\/{rel}","templated":true}]}}