	
{"id":56,"date":"2012-04-27T17:18:30","date_gmt":"2012-04-27T17:18:30","guid":{"rendered":"http:\/\/avnode-net.dev.flyer.it\/?page_id=56"},"modified":"2012-09-28T11:53:15","modified_gmt":"2012-09-28T11:53:15","slug":"visitors-terms-conditions","status":"publish","type":"page","link":"https:\/\/cms.avnode.net\/fr\/subscriptions-contents\/visitors-terms-conditions\/","title":{"rendered":"VISITEUR: Termes et conditions"},"content":{"rendered":"<p><\/p>\n<p><strong>LPM est un r\u00e9union.<br \/> <\/strong><br \/> LPM offre le lieu, les ressources et les technologies afin de soutenir les rencontres entre les personnes activement impliqu\u00e9es dans le domaine de la vid\u00e9o en direct. Nous visons \u00e0 offrir au public et aux participants un programme riche en ateliers, expositions et spectacles audio-vid\u00e9o.<\/p>\n<ol>\n<li>1. Co\u00fbt du paquet sp\u00e9cial pour les visiteurs est de ###visitors-silusso### et comprend les frais d&rsquo;h\u00e9bergement et un billet journalier pour le 4 jours de la r\u00e9union, comprenant tous les \u00e9v\u00e9nements (sauf que pour les ateliers \u00e0 payer).<\/li>\n<li>Cette offre est disponible jusqu&rsquo;au <strong>###visitors-deadline###<\/strong><\/li>\n<li>L&rsquo;h\u00e9bergement est disponible \u00e0 partir ###accommodation-period###, les rabais sur le co\u00fbt des chambres d&rsquo;h\u00f4tel sont disponibles sur le principe du premier arriv\u00e9, premier servi.<\/li>\n<\/ol>\n<p><\/p>","protected":false},"excerpt":{"rendered":"<p>LPM est un r\u00e9union. LPM offre le lieu, les ressources et les technologies afin de soutenir les rencontres entre les personnes activement impliqu\u00e9es dans le domaine de la vid\u00e9o en direct. Nous visons \u00e0 offrir au public et aux participants un programme riche en ateliers, expositions et spectacles audio-vid\u00e9o. 1. Co\u00fbt du paquet sp\u00e9cial pour [&hellip;]<\/p>\n","protected":false},"author":1,"featured_media":0,"parent":150,"menu_order":6,"comment_status":"closed","ping_status":"closed","template":"","meta":[],"post_title":null,"featured":null,"_wp_page_template":null,"_links":{"self":[{"href":"https:\/\/cms.avnode.net\/fr\/wp-json\/wp\/v2\/pages\/56"}],"collection":[{"href":"https:\/\/cms.avnode.net\/fr\/wp-json\/wp\/v2\/pages"}],"about":[{"href":"https:\/\/cms.avnode.net\/fr\/wp-json\/wp\/v2\/types\/page"}],"author":[{"embeddable":true,"href":"https:\/\/cms.avnode.net\/fr\/wp-json\/wp\/v2\/users\/1"}],"replies":[{"embeddable":true,"href":"https:\/\/cms.avnode.net\/fr\/wp-json\/wp\/v2\/comments?post=56"}],"version-history":[{"count":0,"href":"https:\/\/cms.avnode.net\/fr\/wp-json\/wp\/v2\/pages\/56\/revisions"}],"up":[{"embeddable":true,"href":"https:\/\/cms.avnode.net\/fr\/wp-json\/wp\/v2\/pages\/150"}],"wp:attachment":[{"href":"https:\/\/cms.avnode.net\/fr\/wp-json\/wp\/v2\/media?parent=56"}],"curies":[{"name":"wp","href":"https:\/\/api.w.org\/{rel}","templated":true}]}}