	
{"id":590,"date":"2018-05-23T20:00:21","date_gmt":"2018-05-23T20:00:21","guid":{"rendered":"https:\/\/cms.avnode.net\/?page_id=590"},"modified":"2018-09-05T21:15:35","modified_gmt":"2018-09-05T21:15:35","slug":"contacts","status":"publish","type":"page","link":"https:\/\/cms.avnode.net\/fr\/contacts\/","title":{"rendered":"contacts"},"content":{"rendered":"<p class=\"qtranxs-available-languages-message qtranxs-available-languages-message-fr\">D\u00e9sol\u00e9, cet article est seulement disponible en <a href=\"https:\/\/cms.avnode.net\/en\/wp-json\/wp\/v2\/pages\/590\" class=\"qtranxs-available-language-link qtranxs-available-language-link-en\" title=\"English\">Anglais Am\u00e9ricain<\/a>, <a href=\"https:\/\/cms.avnode.net\/es\/wp-json\/wp\/v2\/pages\/590\" class=\"qtranxs-available-language-link qtranxs-available-language-link-es\" title=\"Espa\u00f1ol\">Espagnol Europ\u00e9en<\/a> et <a href=\"https:\/\/cms.avnode.net\/it\/wp-json\/wp\/v2\/pages\/590\" class=\"qtranxs-available-language-link qtranxs-available-language-link-it\" title=\"Italiano\">Italien<\/a>.<\/p>","protected":false},"excerpt":{"rendered":"<p>D\u00e9sol\u00e9, cet article est seulement disponible en Anglais Am\u00e9ricain, Espagnol Europ\u00e9en et Italien.<\/p>\n","protected":false},"author":1,"featured_media":599,"parent":0,"menu_order":0,"comment_status":"closed","ping_status":"closed","template":"","meta":[],"post_title":null,"featured":null,"_wp_page_template":null,"_links":{"self":[{"href":"https:\/\/cms.avnode.net\/fr\/wp-json\/wp\/v2\/pages\/590"}],"collection":[{"href":"https:\/\/cms.avnode.net\/fr\/wp-json\/wp\/v2\/pages"}],"about":[{"href":"https:\/\/cms.avnode.net\/fr\/wp-json\/wp\/v2\/types\/page"}],"author":[{"embeddable":true,"href":"https:\/\/cms.avnode.net\/fr\/wp-json\/wp\/v2\/users\/1"}],"replies":[{"embeddable":true,"href":"https:\/\/cms.avnode.net\/fr\/wp-json\/wp\/v2\/comments?post=590"}],"version-history":[{"count":0,"href":"https:\/\/cms.avnode.net\/fr\/wp-json\/wp\/v2\/pages\/590\/revisions"}],"wp:featuredmedia":[{"embeddable":true,"href":"https:\/\/cms.avnode.net\/fr\/wp-json\/wp\/v2\/media\/599"}],"wp:attachment":[{"href":"https:\/\/cms.avnode.net\/fr\/wp-json\/wp\/v2\/media?parent=590"}],"curies":[{"name":"wp","href":"https:\/\/api.w.org\/{rel}","templated":true}]}}