	
{"id":62,"date":"2012-04-27T17:18:30","date_gmt":"2012-04-27T17:18:30","guid":{"rendered":"http:\/\/avnode-net.dev.flyer.it\/?page_id=62"},"modified":"2012-10-30T12:54:42","modified_gmt":"2012-10-30T12:54:42","slug":"playlists-import","status":"publish","type":"page","link":"https:\/\/cms.avnode.net\/fr\/online-help\/playlists-import\/","title":{"rendered":"Playlists importer"},"content":{"rendered":"<p><\/p>\n<p>Ici vous pouvez importer vos playlist de FLxER.<\/p>\n<p>Vous pouvez trouver vos playlist dans le dossier \u00ab\u00a0playlists\u00a0\u00bb, ils sont des fichier Xml.<\/p>\n<p>Apr\u00e8s avoir t\u00e9l\u00e9charg\u00e9 le fichier, le syst\u00e8me recherchera dans les fichiers du site votre playlist.<\/p>\n<p>A fin d&rsquo;importer une playlist, le syst\u00e8me doit trouver au moins 5 vid\u00e9os.<\/p>\n<p><\/p>","protected":false},"excerpt":{"rendered":"<p>Ici vous pouvez importer vos playlist de FLxER. Vous pouvez trouver vos playlist dans le dossier \u00ab\u00a0playlists\u00a0\u00bb, ils sont des fichier Xml. Apr\u00e8s avoir t\u00e9l\u00e9charg\u00e9 le fichier, le syst\u00e8me recherchera dans les fichiers du site votre playlist. A fin d&rsquo;importer une playlist, le syst\u00e8me doit trouver au moins 5 vid\u00e9os.<\/p>\n","protected":false},"author":1,"featured_media":0,"parent":2,"menu_order":52,"comment_status":"closed","ping_status":"closed","template":"","meta":[],"post_title":null,"featured":null,"_wp_page_template":null,"_links":{"self":[{"href":"https:\/\/cms.avnode.net\/fr\/wp-json\/wp\/v2\/pages\/62"}],"collection":[{"href":"https:\/\/cms.avnode.net\/fr\/wp-json\/wp\/v2\/pages"}],"about":[{"href":"https:\/\/cms.avnode.net\/fr\/wp-json\/wp\/v2\/types\/page"}],"author":[{"embeddable":true,"href":"https:\/\/cms.avnode.net\/fr\/wp-json\/wp\/v2\/users\/1"}],"replies":[{"embeddable":true,"href":"https:\/\/cms.avnode.net\/fr\/wp-json\/wp\/v2\/comments?post=62"}],"version-history":[{"count":0,"href":"https:\/\/cms.avnode.net\/fr\/wp-json\/wp\/v2\/pages\/62\/revisions"}],"up":[{"embeddable":true,"href":"https:\/\/cms.avnode.net\/fr\/wp-json\/wp\/v2\/pages\/2"}],"wp:attachment":[{"href":"https:\/\/cms.avnode.net\/fr\/wp-json\/wp\/v2\/media?parent=62"}],"curies":[{"name":"wp","href":"https:\/\/api.w.org\/{rel}","templated":true}]}}