	
{"id":104,"date":"2012-08-12T22:29:11","date_gmt":"2012-08-12T22:29:11","guid":{"rendered":"http:\/\/avnode-net.dev.flyer.it\/?page_id=104"},"modified":"2012-10-30T12:59:44","modified_gmt":"2012-10-30T12:59:44","slug":"event-profile","status":"publish","type":"page","link":"https:\/\/cms.avnode.net\/hu\/online-help\/event-profile\/","title":{"rendered":"Esem\u00e9ny profil"},"content":{"rendered":"<p><\/p>\n<p>Itt tudod m\u00f3dos\u00edtani az esem\u00e9nyed adatait.<\/p>\n<p><\/p>","protected":false},"excerpt":{"rendered":"<p>Itt tudod m\u00f3dos\u00edtani az esem\u00e9nyed adatait.<\/p>\n","protected":false},"author":1,"featured_media":0,"parent":2,"menu_order":57,"comment_status":"open","ping_status":"closed","template":"","meta":[],"post_title":null,"featured":null,"_wp_page_template":null,"_links":{"self":[{"href":"https:\/\/cms.avnode.net\/hu\/wp-json\/wp\/v2\/pages\/104"}],"collection":[{"href":"https:\/\/cms.avnode.net\/hu\/wp-json\/wp\/v2\/pages"}],"about":[{"href":"https:\/\/cms.avnode.net\/hu\/wp-json\/wp\/v2\/types\/page"}],"author":[{"embeddable":true,"href":"https:\/\/cms.avnode.net\/hu\/wp-json\/wp\/v2\/users\/1"}],"replies":[{"embeddable":true,"href":"https:\/\/cms.avnode.net\/hu\/wp-json\/wp\/v2\/comments?post=104"}],"version-history":[{"count":0,"href":"https:\/\/cms.avnode.net\/hu\/wp-json\/wp\/v2\/pages\/104\/revisions"}],"up":[{"embeddable":true,"href":"https:\/\/cms.avnode.net\/hu\/wp-json\/wp\/v2\/pages\/2"}],"wp:attachment":[{"href":"https:\/\/cms.avnode.net\/hu\/wp-json\/wp\/v2\/media?parent=104"}],"curies":[{"name":"wp","href":"https:\/\/api.w.org\/{rel}","templated":true}]}}