	
{"id":132,"date":"2012-08-12T23:16:16","date_gmt":"2012-08-12T23:16:16","guid":{"rendered":"http:\/\/avnode-net.dev.flyer.it\/?page_id=132"},"modified":"2012-10-30T12:57:27","modified_gmt":"2012-10-30T12:57:27","slug":"new-event","status":"publish","type":"page","link":"https:\/\/cms.avnode.net\/hu\/online-help\/new-event\/","title":{"rendered":"\u00daj esem\u00e9ny"},"content":{"rendered":"<p><\/p>\n<p>Itt \u00faj esem\u00e9nyt tudsz l\u00e9trehozni.<\/p>\n<p>* K\u00f6telez\u0151en kit\u00f6ltend\u0151 mez\u0151k<\/p>\n<p><\/p>","protected":false},"excerpt":{"rendered":"<p>Itt \u00faj esem\u00e9nyt tudsz l\u00e9trehozni. * K\u00f6telez\u0151en kit\u00f6ltend\u0151 mez\u0151k<\/p>\n","protected":false},"author":1,"featured_media":0,"parent":2,"menu_order":53,"comment_status":"closed","ping_status":"closed","template":"","meta":[],"post_title":null,"featured":null,"_wp_page_template":null,"_links":{"self":[{"href":"https:\/\/cms.avnode.net\/hu\/wp-json\/wp\/v2\/pages\/132"}],"collection":[{"href":"https:\/\/cms.avnode.net\/hu\/wp-json\/wp\/v2\/pages"}],"about":[{"href":"https:\/\/cms.avnode.net\/hu\/wp-json\/wp\/v2\/types\/page"}],"author":[{"embeddable":true,"href":"https:\/\/cms.avnode.net\/hu\/wp-json\/wp\/v2\/users\/1"}],"replies":[{"embeddable":true,"href":"https:\/\/cms.avnode.net\/hu\/wp-json\/wp\/v2\/comments?post=132"}],"version-history":[{"count":0,"href":"https:\/\/cms.avnode.net\/hu\/wp-json\/wp\/v2\/pages\/132\/revisions"}],"up":[{"embeddable":true,"href":"https:\/\/cms.avnode.net\/hu\/wp-json\/wp\/v2\/pages\/2"}],"wp:attachment":[{"href":"https:\/\/cms.avnode.net\/hu\/wp-json\/wp\/v2\/media?parent=132"}],"curies":[{"name":"wp","href":"https:\/\/api.w.org\/{rel}","templated":true}]}}