	
{"id":136,"date":"2012-08-28T21:47:11","date_gmt":"2012-08-28T21:47:11","guid":{"rendered":"http:\/\/avnode-net.dev.flyer.it\/?page_id=136"},"modified":"2012-10-30T12:50:08","modified_gmt":"2012-10-30T12:50:08","slug":"performance-selection","status":"publish","type":"page","link":"https:\/\/cms.avnode.net\/hu\/online-help\/performance-selection\/","title":{"rendered":"Performansz kiv\u00e1laszt\u00e1sa"},"content":{"rendered":"<p><\/p>\n<p>V\u00e1lassz ki egy performanszt, melyet m\u00f3dos\u00edtani szeretn\u00e9l.<\/p>\n<p>Amennyiben \u00faj performanszot szeretn\u00e9l l\u00e9trehozni kattints az &#8220;\u00daj hozz\u00e1ad\u00e1sa&#8221; gombra.<\/p>\n<p><\/p>","protected":false},"excerpt":{"rendered":"<p>V\u00e1lassz ki egy performanszt, melyet m\u00f3dos\u00edtani szeretn\u00e9l. Amennyiben \u00faj performanszot szeretn\u00e9l l\u00e9trehozni kattints az &#8220;\u00daj hozz\u00e1ad\u00e1sa&#8221; gombra.<\/p>\n","protected":false},"author":1,"featured_media":0,"parent":2,"menu_order":45,"comment_status":"closed","ping_status":"closed","template":"","meta":[],"post_title":null,"featured":null,"_wp_page_template":null,"_links":{"self":[{"href":"https:\/\/cms.avnode.net\/hu\/wp-json\/wp\/v2\/pages\/136"}],"collection":[{"href":"https:\/\/cms.avnode.net\/hu\/wp-json\/wp\/v2\/pages"}],"about":[{"href":"https:\/\/cms.avnode.net\/hu\/wp-json\/wp\/v2\/types\/page"}],"author":[{"embeddable":true,"href":"https:\/\/cms.avnode.net\/hu\/wp-json\/wp\/v2\/users\/1"}],"replies":[{"embeddable":true,"href":"https:\/\/cms.avnode.net\/hu\/wp-json\/wp\/v2\/comments?post=136"}],"version-history":[{"count":0,"href":"https:\/\/cms.avnode.net\/hu\/wp-json\/wp\/v2\/pages\/136\/revisions"}],"up":[{"embeddable":true,"href":"https:\/\/cms.avnode.net\/hu\/wp-json\/wp\/v2\/pages\/2"}],"wp:attachment":[{"href":"https:\/\/cms.avnode.net\/hu\/wp-json\/wp\/v2\/media?parent=136"}],"curies":[{"name":"wp","href":"https:\/\/api.w.org\/{rel}","templated":true}]}}