	
{"id":21,"date":"2012-04-27T17:18:30","date_gmt":"2012-04-27T17:18:30","guid":{"rendered":"http:\/\/avnode-net.dev.flyer.it\/?page_id=21"},"modified":"2012-10-30T12:45:10","modified_gmt":"2012-10-30T12:45:10","slug":"crew-selection","status":"publish","type":"page","link":"https:\/\/cms.avnode.net\/hu\/online-help\/crew-selection\/","title":{"rendered":"Csapat kiv\u00e1laszt\u00e1sa"},"content":{"rendered":"<p><\/p>\n<p>V\u00e1laszd ki a csapatot, amit szerkeszteni szeretn\u00e9l<\/p>\n<p>\u00daj Csapat l\u00e9trehoz\u00e1s\u00e1hoz kattints az &#8220;\u00daj hozz\u00e1ad\u00e1sa&#8221; gombra.<\/p>\n<p><\/p>","protected":false},"excerpt":{"rendered":"<p>V\u00e1laszd ki a csapatot, amit szerkeszteni szeretn\u00e9l \u00daj Csapat l\u00e9trehoz\u00e1s\u00e1hoz kattints az &#8220;\u00daj hozz\u00e1ad\u00e1sa&#8221; gombra.<\/p>\n","protected":false},"author":1,"featured_media":0,"parent":2,"menu_order":35,"comment_status":"closed","ping_status":"closed","template":"","meta":[],"post_title":null,"featured":null,"_wp_page_template":null,"_links":{"self":[{"href":"https:\/\/cms.avnode.net\/hu\/wp-json\/wp\/v2\/pages\/21"}],"collection":[{"href":"https:\/\/cms.avnode.net\/hu\/wp-json\/wp\/v2\/pages"}],"about":[{"href":"https:\/\/cms.avnode.net\/hu\/wp-json\/wp\/v2\/types\/page"}],"author":[{"embeddable":true,"href":"https:\/\/cms.avnode.net\/hu\/wp-json\/wp\/v2\/users\/1"}],"replies":[{"embeddable":true,"href":"https:\/\/cms.avnode.net\/hu\/wp-json\/wp\/v2\/comments?post=21"}],"version-history":[{"count":0,"href":"https:\/\/cms.avnode.net\/hu\/wp-json\/wp\/v2\/pages\/21\/revisions"}],"up":[{"embeddable":true,"href":"https:\/\/cms.avnode.net\/hu\/wp-json\/wp\/v2\/pages\/2"}],"wp:attachment":[{"href":"https:\/\/cms.avnode.net\/hu\/wp-json\/wp\/v2\/media?parent=21"}],"curies":[{"name":"wp","href":"https:\/\/api.w.org\/{rel}","templated":true}]}}