	
{"id":22,"date":"2012-04-27T17:18:30","date_gmt":"2012-04-27T17:18:30","guid":{"rendered":"http:\/\/avnode-net.dev.flyer.it\/?page_id=22"},"modified":"2012-10-30T12:47:56","modified_gmt":"2012-10-30T12:47:56","slug":"footage-selection","status":"publish","type":"page","link":"https:\/\/cms.avnode.net\/hu\/online-help\/footage-selection\/","title":{"rendered":"Footage kiv\u00e1laszt\u00e1s"},"content":{"rendered":"<p><\/p>\n<p>V\u00e1laszd ki a szerkeszteni k\u00edv\u00e1nt footage-et.<\/p>\n<p>Amennyiben \u00faj footage-t szeretn\u00e9l felt\u00f6lteni kattints az &#8220;\u00daj hozz\u00e1ad\u00e1sa&#8221; gombra.<\/p>\n<p><\/p>","protected":false},"excerpt":{"rendered":"<p>V\u00e1laszd ki a szerkeszteni k\u00edv\u00e1nt footage-et. Amennyiben \u00faj footage-t szeretn\u00e9l felt\u00f6lteni kattints az &#8220;\u00daj hozz\u00e1ad\u00e1sa&#8221; gombra.<\/p>\n","protected":false},"author":1,"featured_media":0,"parent":2,"menu_order":42,"comment_status":"closed","ping_status":"closed","template":"","meta":[],"post_title":null,"featured":null,"_wp_page_template":null,"_links":{"self":[{"href":"https:\/\/cms.avnode.net\/hu\/wp-json\/wp\/v2\/pages\/22"}],"collection":[{"href":"https:\/\/cms.avnode.net\/hu\/wp-json\/wp\/v2\/pages"}],"about":[{"href":"https:\/\/cms.avnode.net\/hu\/wp-json\/wp\/v2\/types\/page"}],"author":[{"embeddable":true,"href":"https:\/\/cms.avnode.net\/hu\/wp-json\/wp\/v2\/users\/1"}],"replies":[{"embeddable":true,"href":"https:\/\/cms.avnode.net\/hu\/wp-json\/wp\/v2\/comments?post=22"}],"version-history":[{"count":0,"href":"https:\/\/cms.avnode.net\/hu\/wp-json\/wp\/v2\/pages\/22\/revisions"}],"up":[{"embeddable":true,"href":"https:\/\/cms.avnode.net\/hu\/wp-json\/wp\/v2\/pages\/2"}],"wp:attachment":[{"href":"https:\/\/cms.avnode.net\/hu\/wp-json\/wp\/v2\/media?parent=22"}],"curies":[{"name":"wp","href":"https:\/\/api.w.org\/{rel}","templated":true}]}}