	
{"id":28,"date":"2012-04-27T17:18:30","date_gmt":"2012-04-27T17:18:30","guid":{"rendered":"http:\/\/avnode-net.dev.flyer.it\/?page_id=28"},"modified":"2012-10-30T12:51:58","modified_gmt":"2012-10-30T12:51:58","slug":"playlists-selection","status":"publish","type":"page","link":"https:\/\/cms.avnode.net\/hu\/online-help\/playlists-selection\/","title":{"rendered":"Playlist kiv\u00e1laszt\u00e1sa"},"content":{"rendered":"<p><\/p>\n<p>Itt tudod a playlist-eket kezelni, v\u00e1lassz ki egyet a m\u00f3dos\u00edt\u00e1sokhoz.<\/p>\n<p>\u00daj Playlist-et l\u00e9trehozni a footage adatokn\u00e1l a &#8220;hozz\u00e1ad\u00e1s a Playlist-hez&#8221; gommbal tudsz.<\/p>\n<p><\/p>","protected":false},"excerpt":{"rendered":"<p>Itt tudod a playlist-eket kezelni, v\u00e1lassz ki egyet a m\u00f3dos\u00edt\u00e1sokhoz. \u00daj Playlist-et l\u00e9trehozni a footage adatokn\u00e1l a &#8220;hozz\u00e1ad\u00e1s a Playlist-hez&#8221; gommbal tudsz.<\/p>\n","protected":false},"author":1,"featured_media":0,"parent":2,"menu_order":51,"comment_status":"closed","ping_status":"closed","template":"","meta":[],"post_title":null,"featured":null,"_wp_page_template":null,"_links":{"self":[{"href":"https:\/\/cms.avnode.net\/hu\/wp-json\/wp\/v2\/pages\/28"}],"collection":[{"href":"https:\/\/cms.avnode.net\/hu\/wp-json\/wp\/v2\/pages"}],"about":[{"href":"https:\/\/cms.avnode.net\/hu\/wp-json\/wp\/v2\/types\/page"}],"author":[{"embeddable":true,"href":"https:\/\/cms.avnode.net\/hu\/wp-json\/wp\/v2\/users\/1"}],"replies":[{"embeddable":true,"href":"https:\/\/cms.avnode.net\/hu\/wp-json\/wp\/v2\/comments?post=28"}],"version-history":[{"count":0,"href":"https:\/\/cms.avnode.net\/hu\/wp-json\/wp\/v2\/pages\/28\/revisions"}],"up":[{"embeddable":true,"href":"https:\/\/cms.avnode.net\/hu\/wp-json\/wp\/v2\/pages\/2"}],"wp:attachment":[{"href":"https:\/\/cms.avnode.net\/hu\/wp-json\/wp\/v2\/media?parent=28"}],"curies":[{"name":"wp","href":"https:\/\/api.w.org\/{rel}","templated":true}]}}