	
{"id":32,"date":"2012-04-27T17:18:30","date_gmt":"2012-04-27T17:18:30","guid":{"rendered":"http:\/\/avnode-net.dev.flyer.it\/?page_id=32"},"modified":"2012-10-30T12:39:38","modified_gmt":"2012-10-30T12:39:38","slug":"registration-confirm","status":"publish","type":"page","link":"https:\/\/cms.avnode.net\/hu\/online-help\/registration-confirm\/","title":{"rendered":"Visszaigazol\u00e1s regisztr\u00e1ci\u00f3r\u00f3l"},"content":{"rendered":"<p><\/p>\n<p><strong>Elj\u00e1r\u00e1s 1 (email visszaigazol\u00e1s sz\u00fcks\u00e9ges)<\/strong><br \/>K\u00f6vesd az al\u00e1bbi utas\u00edt\u00e1sokat.<\/p>\n<p><\/p>","protected":false},"excerpt":{"rendered":"<p>Elj\u00e1r\u00e1s 1 (email visszaigazol\u00e1s sz\u00fcks\u00e9ges)K\u00f6vesd az al\u00e1bbi utas\u00edt\u00e1sokat.<\/p>\n","protected":false},"author":1,"featured_media":0,"parent":2,"menu_order":27,"comment_status":"closed","ping_status":"closed","template":"","meta":[],"post_title":null,"featured":null,"_wp_page_template":null,"_links":{"self":[{"href":"https:\/\/cms.avnode.net\/hu\/wp-json\/wp\/v2\/pages\/32"}],"collection":[{"href":"https:\/\/cms.avnode.net\/hu\/wp-json\/wp\/v2\/pages"}],"about":[{"href":"https:\/\/cms.avnode.net\/hu\/wp-json\/wp\/v2\/types\/page"}],"author":[{"embeddable":true,"href":"https:\/\/cms.avnode.net\/hu\/wp-json\/wp\/v2\/users\/1"}],"replies":[{"embeddable":true,"href":"https:\/\/cms.avnode.net\/hu\/wp-json\/wp\/v2\/comments?post=32"}],"version-history":[{"count":0,"href":"https:\/\/cms.avnode.net\/hu\/wp-json\/wp\/v2\/pages\/32\/revisions"}],"up":[{"embeddable":true,"href":"https:\/\/cms.avnode.net\/hu\/wp-json\/wp\/v2\/pages\/2"}],"wp:attachment":[{"href":"https:\/\/cms.avnode.net\/hu\/wp-json\/wp\/v2\/media?parent=32"}],"curies":[{"name":"wp","href":"https:\/\/api.w.org\/{rel}","templated":true}]}}