	
{"id":36,"date":"2012-04-27T17:18:30","date_gmt":"2012-04-27T17:18:30","guid":{"rendered":"http:\/\/avnode-net.dev.flyer.it\/?page_id=36"},"modified":"2015-09-14T23:47:53","modified_gmt":"2015-09-14T23:47:53","slug":"submission-completed","status":"publish","type":"page","link":"https:\/\/cms.avnode.net\/hu\/subscriptions-extra-help\/submission-completed\/","title":{"rendered":"Jelentkez\u00e9s sikeresen befejez\u0151d\u00f6tt"},"content":{"rendered":"<p><\/p>\n<p>K\u00f6sz\u00f6nj\u00fck! A performanszoddal jelentkezt\u00e9l az ####currentEdition####-re.<\/p>\n<p> <strong>Minden Inform\u00e1ci\u00f3t a performanszr\u00f3l \u00e9s a sz\u00e1ll\u00e1sr\u00f3l email-ben k\u00fcld\u00fcnk arra a c\u00edmre, amit megadt\u00e1l a FLxER Profilodban.<\/strong><\/p>\n<p> Ha szeren\u00e9d felvenni vel\u00fcnk a kapcsolatot, b\u00e1tran k\u00fcldj egy email-t az <a href=\"mailto:####subemail####\">####subemail####<\/a> c\u00edmre.<\/p>\n<p><\/p>","protected":false},"excerpt":{"rendered":"<p>K\u00f6sz\u00f6nj\u00fck! A performanszoddal jelentkezt\u00e9l az ####currentEdition####-re. Minden Inform\u00e1ci\u00f3t a performanszr\u00f3l \u00e9s a sz\u00e1ll\u00e1sr\u00f3l email-ben k\u00fcld\u00fcnk arra a c\u00edmre, amit megadt\u00e1l a FLxER Profilodban. Ha szeren\u00e9d felvenni vel\u00fcnk a kapcsolatot, b\u00e1tran k\u00fcldj egy email-t az ####subemail#### c\u00edmre.<\/p>\n","protected":false},"author":1,"featured_media":0,"parent":111,"menu_order":22,"comment_status":"closed","ping_status":"closed","template":"","meta":[],"post_title":null,"featured":null,"_wp_page_template":null,"_links":{"self":[{"href":"https:\/\/cms.avnode.net\/hu\/wp-json\/wp\/v2\/pages\/36"}],"collection":[{"href":"https:\/\/cms.avnode.net\/hu\/wp-json\/wp\/v2\/pages"}],"about":[{"href":"https:\/\/cms.avnode.net\/hu\/wp-json\/wp\/v2\/types\/page"}],"author":[{"embeddable":true,"href":"https:\/\/cms.avnode.net\/hu\/wp-json\/wp\/v2\/users\/1"}],"replies":[{"embeddable":true,"href":"https:\/\/cms.avnode.net\/hu\/wp-json\/wp\/v2\/comments?post=36"}],"version-history":[{"count":0,"href":"https:\/\/cms.avnode.net\/hu\/wp-json\/wp\/v2\/pages\/36\/revisions"}],"up":[{"embeddable":true,"href":"https:\/\/cms.avnode.net\/hu\/wp-json\/wp\/v2\/pages\/111"}],"wp:attachment":[{"href":"https:\/\/cms.avnode.net\/hu\/wp-json\/wp\/v2\/media?parent=36"}],"curies":[{"name":"wp","href":"https:\/\/api.w.org\/{rel}","templated":true}]}}