	
{"id":364,"date":"2012-08-30T22:41:18","date_gmt":"2012-08-30T22:41:18","guid":{"rendered":"http:\/\/avnode-net.dev.flyer.it\/?page_id=364"},"modified":"2012-09-28T11:36:51","modified_gmt":"2012-09-28T11:36:51","slug":"vj-set-selection","status":"publish","type":"page","link":"https:\/\/cms.avnode.net\/hu\/subscriptions-extra-help\/vj-set-selection\/","title":{"rendered":"VJ Set kiv\u00e1laszt\u00e1sa"},"content":{"rendered":"<p><\/p>\n<p>K\u00e9r\u00fcnk v\u00e1laszd ki azt a performanszot, amellyel jelentkezni szeretn\u00e9l a <strong>VJ TORNA<\/strong>-ra.<br \/>V\u00e1lassz ki egyet a list\u00e1b\u00f3l vagy kattints az &#8220;\u00daj performansz&#8221;-ra, hogy l\u00e9trehozz egy \u00fajat.<\/p>\n<p> Jelentkez\u00e9sed lehet:<\/p>\n<ul>\n<li>VJ SET<\/li>\n<\/ul>\n<p><\/p>","protected":false},"excerpt":{"rendered":"<p>K\u00e9r\u00fcnk v\u00e1laszd ki azt a performanszot, amellyel jelentkezni szeretn\u00e9l a VJ TORNA-ra.V\u00e1lassz ki egyet a list\u00e1b\u00f3l vagy kattints az &#8220;\u00daj performansz&#8221;-ra, hogy l\u00e9trehozz egy \u00fajat. Jelentkez\u00e9sed lehet: VJ SET<\/p>\n","protected":false},"author":1,"featured_media":0,"parent":111,"menu_order":18,"comment_status":"closed","ping_status":"closed","template":"","meta":[],"post_title":null,"featured":null,"_wp_page_template":null,"_links":{"self":[{"href":"https:\/\/cms.avnode.net\/hu\/wp-json\/wp\/v2\/pages\/364"}],"collection":[{"href":"https:\/\/cms.avnode.net\/hu\/wp-json\/wp\/v2\/pages"}],"about":[{"href":"https:\/\/cms.avnode.net\/hu\/wp-json\/wp\/v2\/types\/page"}],"author":[{"embeddable":true,"href":"https:\/\/cms.avnode.net\/hu\/wp-json\/wp\/v2\/users\/1"}],"replies":[{"embeddable":true,"href":"https:\/\/cms.avnode.net\/hu\/wp-json\/wp\/v2\/comments?post=364"}],"version-history":[{"count":0,"href":"https:\/\/cms.avnode.net\/hu\/wp-json\/wp\/v2\/pages\/364\/revisions"}],"up":[{"embeddable":true,"href":"https:\/\/cms.avnode.net\/hu\/wp-json\/wp\/v2\/pages\/111"}],"wp:attachment":[{"href":"https:\/\/cms.avnode.net\/hu\/wp-json\/wp\/v2\/media?parent=364"}],"curies":[{"name":"wp","href":"https:\/\/api.w.org\/{rel}","templated":true}]}}