	
{"id":38,"date":"2012-04-27T17:18:30","date_gmt":"2012-04-27T17:18:30","guid":{"rendered":"http:\/\/avnode-net.dev.flyer.it\/?page_id=38"},"modified":"2015-09-14T23:49:10","modified_gmt":"2015-09-14T23:49:10","slug":"category","status":"publish","type":"page","link":"https:\/\/cms.avnode.net\/hu\/subscriptions-extra-help\/category\/","title":{"rendered":"Kateg\u00f3ria"},"content":{"rendered":"<p><\/p>\n<p>Itt ki tudsz v\u00e1lasztani egy t\u00e9m\u00e1t, amely legink\u00e1bb kapcsol\u00f3dik a projektedhez.<\/p>\n<p>Egyes esetekben az ####currentEdition#### csapata ezt a t\u00e9m\u00e1t megv\u00e1ltoztathatja egy megfelel\u0151bbre.<br \/>\nAz VJ Torna csapat ez esetben kapcsolatba l\u00e9p veled, hogy meger\u0151s\u00edtsd a v\u00e1ltoztat\u00e1sokat.<\/p>\n<p><\/p>","protected":false},"excerpt":{"rendered":"<p>Itt ki tudsz v\u00e1lasztani egy t\u00e9m\u00e1t, amely legink\u00e1bb kapcsol\u00f3dik a projektedhez. Egyes esetekben az ####currentEdition#### csapata ezt a t\u00e9m\u00e1t megv\u00e1ltoztathatja egy megfelel\u0151bbre. Az VJ Torna csapat ez esetben kapcsolatba l\u00e9p veled, hogy meger\u0151s\u00edtsd a v\u00e1ltoztat\u00e1sokat.<\/p>\n","protected":false},"author":1,"featured_media":0,"parent":111,"menu_order":18,"comment_status":"closed","ping_status":"closed","template":"","meta":[],"post_title":null,"featured":null,"_wp_page_template":null,"_links":{"self":[{"href":"https:\/\/cms.avnode.net\/hu\/wp-json\/wp\/v2\/pages\/38"}],"collection":[{"href":"https:\/\/cms.avnode.net\/hu\/wp-json\/wp\/v2\/pages"}],"about":[{"href":"https:\/\/cms.avnode.net\/hu\/wp-json\/wp\/v2\/types\/page"}],"author":[{"embeddable":true,"href":"https:\/\/cms.avnode.net\/hu\/wp-json\/wp\/v2\/users\/1"}],"replies":[{"embeddable":true,"href":"https:\/\/cms.avnode.net\/hu\/wp-json\/wp\/v2\/comments?post=38"}],"version-history":[{"count":0,"href":"https:\/\/cms.avnode.net\/hu\/wp-json\/wp\/v2\/pages\/38\/revisions"}],"up":[{"embeddable":true,"href":"https:\/\/cms.avnode.net\/hu\/wp-json\/wp\/v2\/pages\/111"}],"wp:attachment":[{"href":"https:\/\/cms.avnode.net\/hu\/wp-json\/wp\/v2\/media?parent=38"}],"curies":[{"name":"wp","href":"https:\/\/api.w.org\/{rel}","templated":true}]}}