	
{"id":39,"date":"2012-04-27T17:18:30","date_gmt":"2012-04-27T17:18:30","guid":{"rendered":"http:\/\/avnode-net.dev.flyer.it\/?page_id=39"},"modified":"2012-09-24T13:13:55","modified_gmt":"2012-09-24T13:13:55","slug":"submit","status":"publish","type":"page","link":"https:\/\/cms.avnode.net\/hu\/subscriptions-extra-help\/submit\/","title":{"rendered":"Jelentkez\u00e9s"},"content":{"rendered":"<p><\/p>\n<p>Ellen\u0151rizd a performansz \u00e9s a m\u0171v\u00e9sz adatait is.<\/p>\n<p>Ha szeretn\u00e9l valamin v\u00e1ltoztatni, vagy hi\u00e1nyz\u00f3 inform\u00e1ci\u00f3kat adni kattints a &#8220;Szerkeszt\u00e9s&#8221; gombra. <br \/>\nUt\u00e1na kattints az &#8220;Elk\u00fcld&#8221; gombra az oldalon, ezzel befejezted a jelentkez\u00e9sed. <\/p>\n<p><strong>Minden Inform\u00e1ci\u00f3t a performanszr\u00f3l \u00e9s a sz\u00e1ll\u00e1sr\u00f3l email-ben k\u00fcld\u00fcnk arra a c\u00edmre, amit megadt\u00e1l a FLxER Profilodban.<\/strong><\/p>\n<p><\/p>","protected":false},"excerpt":{"rendered":"<p>Ellen\u0151rizd a performansz \u00e9s a m\u0171v\u00e9sz adatait is. Ha szeretn\u00e9l valamin v\u00e1ltoztatni, vagy hi\u00e1nyz\u00f3 inform\u00e1ci\u00f3kat adni kattints a &#8220;Szerkeszt\u00e9s&#8221; gombra. Ut\u00e1na kattints az &#8220;Elk\u00fcld&#8221; gombra az oldalon, ezzel befejezted a jelentkez\u00e9sed. Minden Inform\u00e1ci\u00f3t a performanszr\u00f3l \u00e9s a sz\u00e1ll\u00e1sr\u00f3l email-ben k\u00fcld\u00fcnk arra a c\u00edmre, amit megadt\u00e1l a FLxER Profilodban.<\/p>\n","protected":false},"author":1,"featured_media":0,"parent":111,"menu_order":21,"comment_status":"closed","ping_status":"closed","template":"","meta":[],"post_title":null,"featured":null,"_wp_page_template":null,"_links":{"self":[{"href":"https:\/\/cms.avnode.net\/hu\/wp-json\/wp\/v2\/pages\/39"}],"collection":[{"href":"https:\/\/cms.avnode.net\/hu\/wp-json\/wp\/v2\/pages"}],"about":[{"href":"https:\/\/cms.avnode.net\/hu\/wp-json\/wp\/v2\/types\/page"}],"author":[{"embeddable":true,"href":"https:\/\/cms.avnode.net\/hu\/wp-json\/wp\/v2\/users\/1"}],"replies":[{"embeddable":true,"href":"https:\/\/cms.avnode.net\/hu\/wp-json\/wp\/v2\/comments?post=39"}],"version-history":[{"count":0,"href":"https:\/\/cms.avnode.net\/hu\/wp-json\/wp\/v2\/pages\/39\/revisions"}],"up":[{"embeddable":true,"href":"https:\/\/cms.avnode.net\/hu\/wp-json\/wp\/v2\/pages\/111"}],"wp:attachment":[{"href":"https:\/\/cms.avnode.net\/hu\/wp-json\/wp\/v2\/media?parent=39"}],"curies":[{"name":"wp","href":"https:\/\/api.w.org\/{rel}","templated":true}]}}