	
{"id":40,"date":"2012-04-27T17:18:30","date_gmt":"2012-04-27T17:18:30","guid":{"rendered":"http:\/\/avnode-net.dev.flyer.it\/?page_id=40"},"modified":"2015-09-14T23:40:57","modified_gmt":"2015-09-14T23:40:57","slug":"terms-conditions","status":"publish","type":"page","link":"https:\/\/cms.avnode.net\/hu\/subscriptions-extra-help\/terms-conditions\/","title":{"rendered":"Felt\u00e9telek &amp; szab\u00e1lyrendszerek"},"content":{"rendered":"<p><\/p>\n<p>Az <strong>####currentEdition####<\/strong>-re az online jelentkez\u00e9s t\u00f6bb r\u00e9szb\u0151l \u00e1ll. Ahhoz, hogy elind\u00edtsd a jelentkez\u00e9sed, els\u0151 l\u00e9p\u00e9sk\u00e9nt olvasd v\u00e9gig \u00e9s fogadd el a felt\u00e9teleket \u00e9s a szab\u00e1lyrendszereket.<\/p>\n<p><\/p>","protected":false},"excerpt":{"rendered":"<p>Az ####currentEdition####-re az online jelentkez\u00e9s t\u00f6bb r\u00e9szb\u0151l \u00e1ll. Ahhoz, hogy elind\u00edtsd a jelentkez\u00e9sed, els\u0151 l\u00e9p\u00e9sk\u00e9nt olvasd v\u00e9gig \u00e9s fogadd el a felt\u00e9teleket \u00e9s a szab\u00e1lyrendszereket.<\/p>\n","protected":false},"author":1,"featured_media":0,"parent":111,"menu_order":10,"comment_status":"closed","ping_status":"closed","template":"","meta":[],"post_title":null,"featured":null,"_wp_page_template":null,"_links":{"self":[{"href":"https:\/\/cms.avnode.net\/hu\/wp-json\/wp\/v2\/pages\/40"}],"collection":[{"href":"https:\/\/cms.avnode.net\/hu\/wp-json\/wp\/v2\/pages"}],"about":[{"href":"https:\/\/cms.avnode.net\/hu\/wp-json\/wp\/v2\/types\/page"}],"author":[{"embeddable":true,"href":"https:\/\/cms.avnode.net\/hu\/wp-json\/wp\/v2\/users\/1"}],"replies":[{"embeddable":true,"href":"https:\/\/cms.avnode.net\/hu\/wp-json\/wp\/v2\/comments?post=40"}],"version-history":[{"count":0,"href":"https:\/\/cms.avnode.net\/hu\/wp-json\/wp\/v2\/pages\/40\/revisions"}],"up":[{"embeddable":true,"href":"https:\/\/cms.avnode.net\/hu\/wp-json\/wp\/v2\/pages\/111"}],"wp:attachment":[{"href":"https:\/\/cms.avnode.net\/hu\/wp-json\/wp\/v2\/media?parent=40"}],"curies":[{"name":"wp","href":"https:\/\/api.w.org\/{rel}","templated":true}]}}