	
{"id":47,"date":"2012-04-27T17:18:30","date_gmt":"2012-04-27T17:18:30","guid":{"rendered":"http:\/\/avnode-net.dev.flyer.it\/?page_id=47"},"modified":"2015-09-14T23:45:11","modified_gmt":"2015-09-14T23:45:11","slug":"performance-selection","status":"publish","type":"page","link":"https:\/\/cms.avnode.net\/hu\/subscriptions-extra-help\/performance-selection\/","title":{"rendered":"Performance kiv\u00e1laszt\u00e1sa"},"content":{"rendered":"<p><\/p>\n<p>V\u00e1lassz ki egy performanszot a jelentkez\u00e9sedhez az ####currentEdition####-re. <br \/>V\u00e1lassz ki egyet a list\u00e1b\u00f3l vagy kattints az &#8220;\u00daj performansz&#8221;-ra, hogy l\u00e9trehozz egy \u00fajat.<\/p>\n<p>Jelentkez\u00e9sed lehet:<strong><strong><br \/><\/strong><\/strong><\/p>\n<ul>\n<li>AV Performansz<\/li>\n<li>Workshop<\/li>\n<li>VJ SET<\/li>\n<li>DJ SET<\/li>\n<li>Projektbemutat\u00f3<\/li>\n<li>Vide\u00f3install\u00e1ci\u00f3<\/li>\n<\/ul>\n<p><\/p>","protected":false},"excerpt":{"rendered":"<p>V\u00e1lassz ki egy performanszot a jelentkez\u00e9sedhez az ####currentEdition####-re. V\u00e1lassz ki egyet a list\u00e1b\u00f3l vagy kattints az &#8220;\u00daj performansz&#8221;-ra, hogy l\u00e9trehozz egy \u00fajat. Jelentkez\u00e9sed lehet: AV Performansz Workshop VJ SET DJ SET Projektbemutat\u00f3 Vide\u00f3install\u00e1ci\u00f3<\/p>\n","protected":false},"author":1,"featured_media":0,"parent":111,"menu_order":18,"comment_status":"closed","ping_status":"closed","template":"","meta":[],"post_title":null,"featured":null,"_wp_page_template":null,"_links":{"self":[{"href":"https:\/\/cms.avnode.net\/hu\/wp-json\/wp\/v2\/pages\/47"}],"collection":[{"href":"https:\/\/cms.avnode.net\/hu\/wp-json\/wp\/v2\/pages"}],"about":[{"href":"https:\/\/cms.avnode.net\/hu\/wp-json\/wp\/v2\/types\/page"}],"author":[{"embeddable":true,"href":"https:\/\/cms.avnode.net\/hu\/wp-json\/wp\/v2\/users\/1"}],"replies":[{"embeddable":true,"href":"https:\/\/cms.avnode.net\/hu\/wp-json\/wp\/v2\/comments?post=47"}],"version-history":[{"count":0,"href":"https:\/\/cms.avnode.net\/hu\/wp-json\/wp\/v2\/pages\/47\/revisions"}],"up":[{"embeddable":true,"href":"https:\/\/cms.avnode.net\/hu\/wp-json\/wp\/v2\/pages\/111"}],"wp:attachment":[{"href":"https:\/\/cms.avnode.net\/hu\/wp-json\/wp\/v2\/media?parent=47"}],"curies":[{"name":"wp","href":"https:\/\/api.w.org\/{rel}","templated":true}]}}