	
{"id":48,"date":"2012-04-27T17:18:30","date_gmt":"2012-04-27T17:18:30","guid":{"rendered":"http:\/\/avnode-net.dev.flyer.it\/?page_id=48"},"modified":"2012-09-28T11:28:21","modified_gmt":"2012-09-28T11:28:21","slug":"login-or-register","status":"publish","type":"page","link":"https:\/\/cms.avnode.net\/hu\/subscriptions-extra-help\/login-or-register\/","title":{"rendered":"Bejelentkez\u00e9s vagy regisztr\u00e1ci\u00f3"},"content":{"rendered":"<p><\/p>\n<p>Ha m\u00e1r van FLxER.net azonos\u00edt\u00f3d, k\u00e9rj\u00fck jelentkezz be, amennyiben nincs, a jelentkez\u00e9sedhez v\u00e1lassz a k\u00e9t elj\u00e1r\u00e1s k\u00f6z\u00fcl:<\/p>\n<p> <strong>Elj\u00e1r\u00e1s 1 (visszajelz\u00e9s ig\u00e9nyl\u00e9se email-ben)<\/strong><\/p>\n<p> \u00cdrd be a szem\u00e9lyes adataidat.<\/p>\n<p> Ez egy hagyom\u00e1nyos regisztr\u00e1ci\u00f3s elj\u00e1r\u00e1s. Ahogy be\u00edrtad az adataidat, k\u00fcld\u00fcnk egy meger\u0151s\u00edt\u0151 email-t \u00e9s ezut\u00e1n tudod szerkeszteni a profilodat.\u2028<\/p>\n<p> <strong>Elj\u00e1r\u00e1s 2 (nem k\u00e9r visszajelz\u00e9st email-ben)<\/strong><\/p>\n<p> Regisztr\u00e1ci\u00f3 m\u00e1r megl\u00e9v\u0151 azonos\u00edt\u00f3val a k\u00f6z\u00f6ss\u00e9gi h\u00e1l\u00f3zatb\u00f3l a list\u00e1ban.\u2028<\/p>\n<p> K\u00e9rj\u00fck jegyezd meg, hogy nek\u00fcnk nincs hozz\u00e1f\u00e9r\u00e9s\u00fcnk a szem\u00e9lyes adataidhoz. A k\u00f6z\u00f6ss\u00e9gi h\u00e1l\u00f3zatok csup\u00e1n p\u00e1r alapinform\u00e1ci\u00f3t adnak, amely biztos\u00edtja, hogy \u00e9rv\u00e9nyes az email c\u00edmed, amit megadt\u00e1l. Ahogy a regisztr\u00e1ci\u00f3t befejezeted r\u00f6gt\u00f6n tudod szerkeszteni a profilodat.<\/p>\n<p>Amennyiben elfelejtetted a jelszavad, tudsz \u00fajat k\u00e9rni ezen a linken kereszt\u00fcl: <a href=\"http:\/\/flxer.net\/controlpanel\/passwordRequest.php\">Bel\u00e9p\u00e9si adatok k\u00e9r\u00e9se<\/a><\/p>\n<p><\/p>","protected":false},"excerpt":{"rendered":"<p>Ha m\u00e1r van FLxER.net azonos\u00edt\u00f3d, k\u00e9rj\u00fck jelentkezz be, amennyiben nincs, a jelentkez\u00e9sedhez v\u00e1lassz a k\u00e9t elj\u00e1r\u00e1s k\u00f6z\u00fcl: Elj\u00e1r\u00e1s 1 (visszajelz\u00e9s ig\u00e9nyl\u00e9se email-ben) \u00cdrd be a szem\u00e9lyes adataidat. Ez egy hagyom\u00e1nyos regisztr\u00e1ci\u00f3s elj\u00e1r\u00e1s. Ahogy be\u00edrtad az adataidat, k\u00fcld\u00fcnk egy meger\u0151s\u00edt\u0151 email-t \u00e9s ezut\u00e1n tudod szerkeszteni a profilodat.\u2028 Elj\u00e1r\u00e1s 2 (nem k\u00e9r visszajelz\u00e9st email-ben) Regisztr\u00e1ci\u00f3 m\u00e1r megl\u00e9v\u0151 [&hellip;]<\/p>\n","protected":false},"author":1,"featured_media":0,"parent":111,"menu_order":15,"comment_status":"closed","ping_status":"closed","template":"","meta":[],"post_title":null,"featured":null,"_wp_page_template":null,"_links":{"self":[{"href":"https:\/\/cms.avnode.net\/hu\/wp-json\/wp\/v2\/pages\/48"}],"collection":[{"href":"https:\/\/cms.avnode.net\/hu\/wp-json\/wp\/v2\/pages"}],"about":[{"href":"https:\/\/cms.avnode.net\/hu\/wp-json\/wp\/v2\/types\/page"}],"author":[{"embeddable":true,"href":"https:\/\/cms.avnode.net\/hu\/wp-json\/wp\/v2\/users\/1"}],"replies":[{"embeddable":true,"href":"https:\/\/cms.avnode.net\/hu\/wp-json\/wp\/v2\/comments?post=48"}],"version-history":[{"count":0,"href":"https:\/\/cms.avnode.net\/hu\/wp-json\/wp\/v2\/pages\/48\/revisions"}],"up":[{"embeddable":true,"href":"https:\/\/cms.avnode.net\/hu\/wp-json\/wp\/v2\/pages\/111"}],"wp:attachment":[{"href":"https:\/\/cms.avnode.net\/hu\/wp-json\/wp\/v2\/media?parent=48"}],"curies":[{"name":"wp","href":"https:\/\/api.w.org\/{rel}","templated":true}]}}