	
{"id":49,"date":"2012-04-27T17:18:30","date_gmt":"2012-04-27T17:18:30","guid":{"rendered":"http:\/\/avnode-net.dev.flyer.it\/?page_id=49"},"modified":"2012-10-30T12:36:50","modified_gmt":"2012-10-30T12:36:50","slug":"new-account","status":"publish","type":"page","link":"https:\/\/cms.avnode.net\/hu\/online-help\/new-account\/","title":{"rendered":"\u00daj azonos\u00edt\u00f3"},"content":{"rendered":"<p><\/p>\n<p><strong>Elj\u00e1r\u00e1s 1 (visszajelz\u00e9s ig\u00e9nyl\u00e9se email-ben)<\/strong><br \/>\u00cdrd be a szem\u00e9lyes adataidat.<br \/>Ez egy hagyom\u00e1nyos regisztr\u00e1ci\u00f3s elj\u00e1r\u00e1s. Ahogy be\u00edrtad az adataidat, k\u00fcld\u00fcnk egy meger\u0151s\u00edt\u0151 email-t \u00e9s ezut\u00e1n tudod szerkeszteni a profilodat.<\/p>\n<p><\/p>","protected":false},"excerpt":{"rendered":"<p>Elj\u00e1r\u00e1s 1 (visszajelz\u00e9s ig\u00e9nyl\u00e9se email-ben)\u00cdrd be a szem\u00e9lyes adataidat.Ez egy hagyom\u00e1nyos regisztr\u00e1ci\u00f3s elj\u00e1r\u00e1s. Ahogy be\u00edrtad az adataidat, k\u00fcld\u00fcnk egy meger\u0151s\u00edt\u0151 email-t \u00e9s ezut\u00e1n tudod szerkeszteni a profilodat.<\/p>\n","protected":false},"author":1,"featured_media":0,"parent":2,"menu_order":22,"comment_status":"closed","ping_status":"closed","template":"","meta":[],"post_title":null,"featured":null,"_wp_page_template":null,"_links":{"self":[{"href":"https:\/\/cms.avnode.net\/hu\/wp-json\/wp\/v2\/pages\/49"}],"collection":[{"href":"https:\/\/cms.avnode.net\/hu\/wp-json\/wp\/v2\/pages"}],"about":[{"href":"https:\/\/cms.avnode.net\/hu\/wp-json\/wp\/v2\/types\/page"}],"author":[{"embeddable":true,"href":"https:\/\/cms.avnode.net\/hu\/wp-json\/wp\/v2\/users\/1"}],"replies":[{"embeddable":true,"href":"https:\/\/cms.avnode.net\/hu\/wp-json\/wp\/v2\/comments?post=49"}],"version-history":[{"count":0,"href":"https:\/\/cms.avnode.net\/hu\/wp-json\/wp\/v2\/pages\/49\/revisions"}],"up":[{"embeddable":true,"href":"https:\/\/cms.avnode.net\/hu\/wp-json\/wp\/v2\/pages\/2"}],"wp:attachment":[{"href":"https:\/\/cms.avnode.net\/hu\/wp-json\/wp\/v2\/media?parent=49"}],"curies":[{"name":"wp","href":"https:\/\/api.w.org\/{rel}","templated":true}]}}