	
{"id":54,"date":"2012-04-27T17:18:30","date_gmt":"2012-04-27T17:18:30","guid":{"rendered":"http:\/\/avnode-net.dev.flyer.it\/?page_id=54"},"modified":"2018-01-26T18:39:41","modified_gmt":"2018-01-26T18:39:41","slug":"performers-terms-conditions","status":"publish","type":"page","link":"https:\/\/cms.avnode.net\/hu\/subscriptions-contents\/performers-terms-conditions\/","title":{"rendered":"EL\u0150AD\u00d3K: Felt\u00e9telek &amp; szab\u00e1lyrendszerek"},"content":{"rendered":"<p><\/p>\n<p><strong>Az LPM egy tal\u00e1lkoz\u00f3.<\/strong><\/p>\n<p> Az LPM helysz\u00ednt, forr\u00e1sokat \u00e9s technol\u00f3gi\u00e1t biztos\u00edt az\u00e9rt, hogy t\u00e1mogasson tal\u00e1lkoz\u00f3kat olyan emberek k\u00f6z\u00f6tt, akik akt\u00edvak a vide\u00f3z\u00e1s ter\u00fcletein. C\u00e9lunk, hogy mind a k\u00f6z\u00f6ns\u00e9gnek, mint a r\u00e9sztvev\u0151knek egy gazdag programk\u00edn\u00e1latot hozzunk l\u00e9tre workshopokkal, el\u0151ad\u00e1sokkal \u00e9s \u00e9l\u0151 audio-vide\u00f3 performanszokkal. <br \/> A rendezv\u00e9ny ideje alatt \u00e9l\u0151, val\u00f3s-idej\u0171 performanszok lesznek, az LPM-nek nagyon fontos, hogy ezekre szabadon lehet jelentkezni. B\u00e1rki, aki szeretne, online megteheti \u00e9s SZABADON el\u0151adhat.<\/p>\n<ol>\n<li>A jelentkez\u00e9s ingyenes \u00e9s a rendezv\u00e9ny \u00f6sszes m\u0171sor\u00e1ra bel\u00e9p\u00e9sre jogos\u00edt (kiv\u00e9ve a fizet\u0151s workshopokat), ezen k\u00edv\u00fcl napi egy \u00e9tkez\u00e9sre \u00e9s italra<\/li>\n<li>A jelentkez\u00e9s hat\u00e1rideje <strong>###performers-deadline###<\/strong>.<\/li>\n<li>LPM nem egy olyan fesztiv\u00e1l, ahol egy p\u00e1r m\u0171v\u00e9szt kiv\u00e1lasztanak a kur\u00e1torok. Az LPM egy Tal\u00e1lkoz\u00f3, mindenkit b\u00e1tor\u00edtunk, aki szeretne jelentkezni \u00e9s r\u00e9szt venni a rendezv\u00e9nyen. \u00c1ltal\u00e1ban a jelentkez\u0151k nagy sz\u00e1m\u00e1ra val\u00f3 tekintettel nem tudjuk az \u00f6sszes m\u0171v\u00e9sznek az utaz\u00e1st biztos\u00edtani, viszont sz\u00e1ll\u00e1st \u00e9s napi egy \u00e9tkez\u00e9st \u00e9s italt biztos\u00edtunk a fesztiv\u00e1l 4 napos ideje alatt minden m\u0171v\u00e9sznek.<\/li>\n<li><strong>Sz\u00e1ll\u00e1s el\u0151ad\u00f3m\u0171v\u00e9szek el\u00e9rhet\u0151 ###accommodation-period###., amennyiben rendelkez\u00e9sre \u00e1ll, h\u00e1rmas \/ n\u00e9gyes \/ koll\u00e9giumi.<\/strong><\/li>\n<li>Megold\u00e1sok \u00e1llnak rendelkez\u00e9sre egy-\u00e9s k\u00e9t\u00e1gyas szob\u00e1kban ###performers-silusso### per f\u0151 per nap.<\/li>\n<li>A m\u0171v\u00e9szek bar\u00e1tai \u00e9s partnerei szint\u00e9n foglalhatnak sz\u00e1ll\u00e1st megfelel\u0151 \u00f6sszeg\u00e9rt a <a href=\"..\/participate\/?lpm_sub_type=visitors\">Speci\u00e1lis csomag<\/a> oldalon.<\/li>\n<li>Logisztikai \u00e9s id\u0151kit\u00f6lt\u00e9s miatt megt\u00f6rt\u00e9nhet, hogy egy-k\u00e9t audiovizu\u00e1lis performansz nem ker\u00fcl be a hivatalos programba: priorit\u00e1st kapnak azon projektek, melyek min\u00e9l t\u00f6bb r\u00e9sztvev\u0151nek \u00e9rdekesebbek.<\/li>\n<li>A maxim\u00e1lis hossza egy performansznak <strong>30 perc.<\/strong><\/li>\n<li>Azon performanszok, melyek t\u00fals\u00e1gosan komplik\u00e1ltak technikailag \u00e9s szervez\u00e9si felt\u00e9teleknek, lehets\u00e9ges, hogy nem ker\u00fclnek bemutat\u00e1sra. <span style=\"text-decoration: underline\">B\u00e1tran vedd fel vel\u00fcnk a kapcsolatot<\/span> az subscriptions [at] liveperformersmeeting [dot] netemail c\u00edmen, hogy ezt el\u0151zetesen \u00e1tbesz\u00e9lj\u00fck.<\/li>\n<\/ol>\n<p><\/p>","protected":false},"excerpt":{"rendered":"<p>Az LPM egy tal\u00e1lkoz\u00f3. Az LPM helysz\u00ednt, forr\u00e1sokat \u00e9s technol\u00f3gi\u00e1t biztos\u00edt az\u00e9rt, hogy t\u00e1mogasson tal\u00e1lkoz\u00f3kat olyan emberek k\u00f6z\u00f6tt, akik akt\u00edvak a vide\u00f3z\u00e1s ter\u00fcletein. C\u00e9lunk, hogy mind a k\u00f6z\u00f6ns\u00e9gnek, mint a r\u00e9sztvev\u0151knek egy gazdag programk\u00edn\u00e1latot hozzunk l\u00e9tre workshopokkal, el\u0151ad\u00e1sokkal \u00e9s \u00e9l\u0151 audio-vide\u00f3 performanszokkal. A rendezv\u00e9ny ideje alatt \u00e9l\u0151, val\u00f3s-idej\u0171 performanszok lesznek, az LPM-nek nagyon fontos, hogy [&hellip;]<\/p>\n","protected":false},"author":1,"featured_media":0,"parent":150,"menu_order":4,"comment_status":"closed","ping_status":"closed","template":"","meta":[],"post_title":null,"featured":null,"_wp_page_template":null,"_links":{"self":[{"href":"https:\/\/cms.avnode.net\/hu\/wp-json\/wp\/v2\/pages\/54"}],"collection":[{"href":"https:\/\/cms.avnode.net\/hu\/wp-json\/wp\/v2\/pages"}],"about":[{"href":"https:\/\/cms.avnode.net\/hu\/wp-json\/wp\/v2\/types\/page"}],"author":[{"embeddable":true,"href":"https:\/\/cms.avnode.net\/hu\/wp-json\/wp\/v2\/users\/1"}],"replies":[{"embeddable":true,"href":"https:\/\/cms.avnode.net\/hu\/wp-json\/wp\/v2\/comments?post=54"}],"version-history":[{"count":0,"href":"https:\/\/cms.avnode.net\/hu\/wp-json\/wp\/v2\/pages\/54\/revisions"}],"up":[{"embeddable":true,"href":"https:\/\/cms.avnode.net\/hu\/wp-json\/wp\/v2\/pages\/150"}],"wp:attachment":[{"href":"https:\/\/cms.avnode.net\/hu\/wp-json\/wp\/v2\/media?parent=54"}],"curies":[{"name":"wp","href":"https:\/\/api.w.org\/{rel}","templated":true}]}}