	
{"id":547,"date":"2015-01-28T00:06:08","date_gmt":"2015-01-28T00:06:08","guid":{"rendered":"http:\/\/avnode-net.dev.flyer.it\/?page_id=547"},"modified":"2015-01-28T00:06:08","modified_gmt":"2015-01-28T00:06:08","slug":"subscription-dates","status":"publish","type":"page","link":"https:\/\/cms.avnode.net\/hu\/subscriptions-extra-help\/subscription-dates\/","title":{"rendered":"Sz\u00e1ll\u00e1s &#8211; d\u00e1tumok"},"content":{"rendered":"<p><\/p>\n<p>K\u00c9RJ\u00dcK JEGYEZD MEG:<br \/>\nCsak a list\u00e1ban szerepl\u0151 m\u0171v\u00e9szeknek biztos\u00edtott a:<\/p>\n<ul>\n<li>Pass<\/li>\n<li>Ingyenes bel\u00e9p\u00e9s<\/li>\n<li>Sz\u00e1ll\u00e1s (lehet\u0151s\u00e9g szerint)<\/li>\n<\/ul>\n<p>Ha a list\u00e1ban nem szerepel a fell\u00e9p\u0151k k\u00f6z\u00fcl valaki, klikkelj a &#8220;M\u0171v\u00e9sz hozz\u00e1ad\u00e1sa&#8221; gombra, hogy a csapatod tagja legyen.<\/p>\n<\/p>\n<p><\/p>","protected":false},"excerpt":{"rendered":"<p>K\u00c9RJ\u00dcK JEGYEZD MEG: Csak a list\u00e1ban szerepl\u0151 m\u0171v\u00e9szeknek biztos\u00edtott a: Pass Ingyenes bel\u00e9p\u00e9s Sz\u00e1ll\u00e1s (lehet\u0151s\u00e9g szerint) Ha a list\u00e1ban nem szerepel a fell\u00e9p\u0151k k\u00f6z\u00fcl valaki, klikkelj a &#8220;M\u0171v\u00e9sz hozz\u00e1ad\u00e1sa&#8221; gombra, hogy a csapatod tagja legyen.<\/p>\n","protected":false},"author":1,"featured_media":0,"parent":111,"menu_order":20,"comment_status":"closed","ping_status":"closed","template":"","meta":[],"post_title":null,"featured":null,"_wp_page_template":null,"_links":{"self":[{"href":"https:\/\/cms.avnode.net\/hu\/wp-json\/wp\/v2\/pages\/547"}],"collection":[{"href":"https:\/\/cms.avnode.net\/hu\/wp-json\/wp\/v2\/pages"}],"about":[{"href":"https:\/\/cms.avnode.net\/hu\/wp-json\/wp\/v2\/types\/page"}],"author":[{"embeddable":true,"href":"https:\/\/cms.avnode.net\/hu\/wp-json\/wp\/v2\/users\/1"}],"replies":[{"embeddable":true,"href":"https:\/\/cms.avnode.net\/hu\/wp-json\/wp\/v2\/comments?post=547"}],"version-history":[{"count":0,"href":"https:\/\/cms.avnode.net\/hu\/wp-json\/wp\/v2\/pages\/547\/revisions"}],"up":[{"embeddable":true,"href":"https:\/\/cms.avnode.net\/hu\/wp-json\/wp\/v2\/pages\/111"}],"wp:attachment":[{"href":"https:\/\/cms.avnode.net\/hu\/wp-json\/wp\/v2\/media?parent=547"}],"curies":[{"name":"wp","href":"https:\/\/api.w.org\/{rel}","templated":true}]}}