	
{"id":55,"date":"2012-04-27T17:18:30","date_gmt":"2012-04-27T17:18:30","guid":{"rendered":"http:\/\/avnode-net.dev.flyer.it\/?page_id=55"},"modified":"2016-04-14T11:56:51","modified_gmt":"2016-04-14T11:56:51","slug":"artists-terms-conditions","status":"publish","type":"page","link":"https:\/\/cms.avnode.net\/hu\/subscriptions-contents\/artists-terms-conditions\/","title":{"rendered":"M\u0170V\u00c9SZEK: Felt\u00e9telek &amp; Szab\u00e1lyrendszerek"},"content":{"rendered":"<p><\/p>\n<p><strong>Az LPM egy tal\u00e1lkoz\u00f3.<\/strong><\/p>\n<p> Az LPM helysz\u00ednt, forr\u00e1sokat \u00e9s technol\u00f3gi\u00e1t biztos\u00edt az\u00e9rt, hogy t\u00e1mogasson tal\u00e1lkoz\u00f3kat olyan emberek k\u00f6z\u00f6tt, akik akt\u00edvak a vide\u00f3z\u00e1s ter\u00fcletein. C\u00e9lunk, hogy mind a k\u00f6z\u00f6ns\u00e9gnek, mint a r\u00e9sztvev\u0151knek egy gazdag programk\u00edn\u00e1latot hozzunk l\u00e9tre workshopokkal, el\u0151ad\u00e1sokkal \u00e9s \u00e9l\u0151 audio-vide\u00f3 performanszokkal.<\/p>\n<ol>\n<li>A jelentkez\u00e9s k\u00f6lts\u00e9gei\u00a0a nem el\u0151ad\u00f3 m\u0171v\u00e9szeknek ###artists-si###\u00a0 amely tartalmaz 50%-os engedm\u00e9nyt a sz\u00e1ll\u00e1sk\u00f6lts\u00e9gb\u0151l \u00e9s bel\u00e9p\u00e9si lehet\u0151s\u00e9g az \u00f6sszes LPM programra (kiv\u00e9ve a fizet\u0151s workshopokat), egy \u00e9tkez\u00e9sre \u00e9s egy italra minden nap, valamint beker\u00fcl\u00e9s az LPM programba, mint \u201ePresent at LPM\u201d.<\/li>\n<li>A jelentkez\u00e9s hat\u00e1rideje <strong>###performers-deadline###<\/strong>.<\/li>\n<li>LPM nem egy olyan fesztiv\u00e1l, ahol egy p\u00e1r m\u0171v\u00e9szt kiv\u00e1lasztanak a kur\u00e1torok. Az LPM egy tal\u00e1lkoz\u00f3, mindenkit b\u00e1tor\u00edtunk, hogy vegyen r\u00e9szt a rendezv\u00e9nyen. \u00c1ltal\u00e1ban a jelentkez\u0151k nagy sz\u00e1m\u00e1ra val\u00f3 tekintettel viszont nem tudjuk az \u00f6sszes m\u0171v\u00e9sznek az utaz\u00e1st biztos\u00edtani, ez\u00e9rt szeretn\u00e9nk eml\u00e9keztetni, hogy az utaz\u00e1si k\u00f6lts\u00e9geket a m\u0171v\u00e9sznek mag\u00e1nak kell biztos\u00edtania. Viszont sz\u00e1ll\u00e1st \u00e9s napi egy \u00e9tkez\u00e9st \u00e9s italt biztos\u00edtunk a fesztiv\u00e1l 4 napos ideje alatt minden m\u0171v\u00e9sznek.<\/li>\n<li><strong>Sz\u00e1ll\u00e1s nem el\u0151ad\u00f3m\u0171v\u00e9szek el\u00e9rhet\u0151 ###accommodation-period###., amennyiben rendelkez\u00e9sre \u00e1ll, h\u00e1rmas \/ n\u00e9gyes \/ koll\u00e9giumi.<\/strong><\/li>\n<li>Sz\u00e1ll\u00e1s lehets\u00e9ges egy-\u00e9s k\u00e9t\u00e1gyas szob\u00e1kban ###artists-silusso### per f\u0151 per nap.<\/li>\n<li>A m\u0171v\u00e9szek bar\u00e1tai \u00e9s partnerei szint\u00e9n foglalhatnak sz\u00e1ll\u00e1st megfelel\u0151 \u00f6sszeg\u00e9rt a <a href=\"..\/participate\/?lpm_sub_type=visitors\">Speci\u00e1lis csomag<\/a> oldalon.<\/li>\n<\/ol>\n<p><\/p>","protected":false},"excerpt":{"rendered":"<p>Az LPM egy tal\u00e1lkoz\u00f3. Az LPM helysz\u00ednt, forr\u00e1sokat \u00e9s technol\u00f3gi\u00e1t biztos\u00edt az\u00e9rt, hogy t\u00e1mogasson tal\u00e1lkoz\u00f3kat olyan emberek k\u00f6z\u00f6tt, akik akt\u00edvak a vide\u00f3z\u00e1s ter\u00fcletein. C\u00e9lunk, hogy mind a k\u00f6z\u00f6ns\u00e9gnek, mint a r\u00e9sztvev\u0151knek egy gazdag programk\u00edn\u00e1latot hozzunk l\u00e9tre workshopokkal, el\u0151ad\u00e1sokkal \u00e9s \u00e9l\u0151 audio-vide\u00f3 performanszokkal. A jelentkez\u00e9s k\u00f6lts\u00e9gei\u00a0a nem el\u0151ad\u00f3 m\u0171v\u00e9szeknek ###artists-si###\u00a0 amely tartalmaz 50%-os engedm\u00e9nyt a sz\u00e1ll\u00e1sk\u00f6lts\u00e9gb\u0151l [&hellip;]<\/p>\n","protected":false},"author":1,"featured_media":0,"parent":150,"menu_order":6,"comment_status":"closed","ping_status":"closed","template":"","meta":[],"post_title":null,"featured":null,"_wp_page_template":null,"_links":{"self":[{"href":"https:\/\/cms.avnode.net\/hu\/wp-json\/wp\/v2\/pages\/55"}],"collection":[{"href":"https:\/\/cms.avnode.net\/hu\/wp-json\/wp\/v2\/pages"}],"about":[{"href":"https:\/\/cms.avnode.net\/hu\/wp-json\/wp\/v2\/types\/page"}],"author":[{"embeddable":true,"href":"https:\/\/cms.avnode.net\/hu\/wp-json\/wp\/v2\/users\/1"}],"replies":[{"embeddable":true,"href":"https:\/\/cms.avnode.net\/hu\/wp-json\/wp\/v2\/comments?post=55"}],"version-history":[{"count":0,"href":"https:\/\/cms.avnode.net\/hu\/wp-json\/wp\/v2\/pages\/55\/revisions"}],"up":[{"embeddable":true,"href":"https:\/\/cms.avnode.net\/hu\/wp-json\/wp\/v2\/pages\/150"}],"wp:attachment":[{"href":"https:\/\/cms.avnode.net\/hu\/wp-json\/wp\/v2\/media?parent=55"}],"curies":[{"name":"wp","href":"https:\/\/api.w.org\/{rel}","templated":true}]}}