	
{"id":56,"date":"2012-04-27T17:18:30","date_gmt":"2012-04-27T17:18:30","guid":{"rendered":"http:\/\/avnode-net.dev.flyer.it\/?page_id=56"},"modified":"2012-09-28T11:53:15","modified_gmt":"2012-09-28T11:53:15","slug":"visitors-terms-conditions","status":"publish","type":"page","link":"https:\/\/cms.avnode.net\/hu\/subscriptions-contents\/visitors-terms-conditions\/","title":{"rendered":"K\u00d6Z\u00d6NS\u00c9G: Felt\u00e9telek &amp; Szab\u00e1lyrendszerek"},"content":{"rendered":"<p><\/p>\n<p><strong>Az LPM egy tal\u00e1lkoz\u00f3.<\/strong><\/p>\n<p> Az LPM helysz\u00ednt, forr\u00e1sokat \u00e9s technol\u00f3gi\u00e1t biztos\u00edt az\u00e9rt, hogy t\u00e1mogasson tal\u00e1lkoz\u00f3kat olyan emberek k\u00f6z\u00f6tt, akik akt\u00edvak a vide\u00f3z\u00e1s ter\u00fcletein. C\u00e9lunk, hogy mind a k\u00f6z\u00f6ns\u00e9gnek, mint a r\u00e9sztvev\u0151knek egy gazdag programk\u00edn\u00e1latot hozzunk l\u00e9tre workshopokkal, el\u0151ad\u00e1sokkal \u00e9s \u00e9l\u0151 audio-vide\u00f3 performanszokkal.<\/p>\n<ol>\n<li>A Speci\u00e1lis csomag a k\u00f6z\u00f6ns\u00e9g sz\u00e1m\u00e1ra ###l\u00e1togat\u00f3-silusso### , ami tartalmazza a 25%-os engedm\u00e9nyt a sz\u00e1ll\u00e1sk\u00f6lts\u00e9gb\u0151l, napi bel\u00e9p\u0151t a tal\u00e1lkoz\u00f3 \u00f6sszes programj\u00e1ra (kiv\u00e9ve a fizet\u0151s workshopokat).<\/li>\n<li>Ez az aj\u00e1nlat &#8230;-ig <strong>###l\u00e1togat\u00f3k-hat\u00e1rid\u0151###<\/strong><\/li>\n<li>A sz\u00e1ll\u00e1sok &#8230;-t\u0151l ###sz\u00e1ll\u00e1s-id\u0151tartam###, a hotel szob\u00e1kn\u00e1l \u00e9rkez\u00e9si sorrendben foglalhat\u00f3ak el.<\/li>\n<\/ol>\n<p><\/p>","protected":false},"excerpt":{"rendered":"<p>Az LPM egy tal\u00e1lkoz\u00f3. Az LPM helysz\u00ednt, forr\u00e1sokat \u00e9s technol\u00f3gi\u00e1t biztos\u00edt az\u00e9rt, hogy t\u00e1mogasson tal\u00e1lkoz\u00f3kat olyan emberek k\u00f6z\u00f6tt, akik akt\u00edvak a vide\u00f3z\u00e1s ter\u00fcletein. C\u00e9lunk, hogy mind a k\u00f6z\u00f6ns\u00e9gnek, mint a r\u00e9sztvev\u0151knek egy gazdag programk\u00edn\u00e1latot hozzunk l\u00e9tre workshopokkal, el\u0151ad\u00e1sokkal \u00e9s \u00e9l\u0151 audio-vide\u00f3 performanszokkal. A Speci\u00e1lis csomag a k\u00f6z\u00f6ns\u00e9g sz\u00e1m\u00e1ra ###l\u00e1togat\u00f3-silusso### , ami tartalmazza a 25%-os engedm\u00e9nyt [&hellip;]<\/p>\n","protected":false},"author":1,"featured_media":0,"parent":150,"menu_order":6,"comment_status":"closed","ping_status":"closed","template":"","meta":[],"post_title":null,"featured":null,"_wp_page_template":null,"_links":{"self":[{"href":"https:\/\/cms.avnode.net\/hu\/wp-json\/wp\/v2\/pages\/56"}],"collection":[{"href":"https:\/\/cms.avnode.net\/hu\/wp-json\/wp\/v2\/pages"}],"about":[{"href":"https:\/\/cms.avnode.net\/hu\/wp-json\/wp\/v2\/types\/page"}],"author":[{"embeddable":true,"href":"https:\/\/cms.avnode.net\/hu\/wp-json\/wp\/v2\/users\/1"}],"replies":[{"embeddable":true,"href":"https:\/\/cms.avnode.net\/hu\/wp-json\/wp\/v2\/comments?post=56"}],"version-history":[{"count":0,"href":"https:\/\/cms.avnode.net\/hu\/wp-json\/wp\/v2\/pages\/56\/revisions"}],"up":[{"embeddable":true,"href":"https:\/\/cms.avnode.net\/hu\/wp-json\/wp\/v2\/pages\/150"}],"wp:attachment":[{"href":"https:\/\/cms.avnode.net\/hu\/wp-json\/wp\/v2\/media?parent=56"}],"curies":[{"name":"wp","href":"https:\/\/api.w.org\/{rel}","templated":true}]}}