	
{"id":57,"date":"2012-04-27T17:18:30","date_gmt":"2012-04-27T17:18:30","guid":{"rendered":"http:\/\/avnode-net.dev.flyer.it\/?page_id=57"},"modified":"2013-04-06T10:40:42","modified_gmt":"2013-04-06T10:40:42","slug":"performance-subscription-closed","status":"publish","type":"page","link":"https:\/\/cms.avnode.net\/hu\/subscriptions-contents\/performance-subscription-closed\/","title":{"rendered":"Jelentkez\u00e9s a performanszra LEZ\u00c1RULT"},"content":{"rendered":"<p><\/p>\n<div><strong>Jelentkez\u00e9s a ####currentEdition#### -ra lez\u00e1rult.<\/strong><\/p>\n<p> A jelentkez\u0151ket a ####currentEdition####-ban n\u00e9zheted meg:<br \/> <a href=\"http:\/\/www.liveperformersmeeting.net\/artists\/\" target=\"_blank\">http:\/\/www.liveperformersmeeting.net\/artists\/<\/a><\/div>\n<div><\/div>\n<div>Amennyiben szeretn\u00e9l r\u00e9szt venni a tal\u00e1lkoz\u00f3n, mint r\u00e9sztvev\u0151 m\u0171v\u00e9sz, performansz n\u00e9lk\u00fcl is jelentkezhetsz. Ebben az esetben a programban, mint r\u00e9sztvev\u0151 m\u0171v\u00e9szt jelz\u00fcnk.<br \/> Ezen a linken regisztr\u00e1lhatsz:<br \/> <a href=\"https:\/\/flxer.net\/lpm\/?lpm_sub_type=artists\">https:\/\/flxer.net\/lpm\/?lpm_sub_type=artists<\/a><\/p>\n<p> Speci\u00e1lis csomagunkat is megveheted, mint l\u00e1togat\u00f3:<br \/> <a href=\"https:\/\/flxer.net\/lpm\/?lpm_sub_type=visitors\">https:\/\/flxer.net\/lpm\/?lpm_sub_type=visitors<\/a><\/p>\n<p> <strong>Hamarosan elind\u00edtjuk a jelentkez\u00e9st a ####nextEdition####<\/strong>-ra<\/div>\n<div>\n<form action=\"#\" method=\"post\">Jelentkezz fel a levelez\u0151list\u00e1nkra, hogy mindig a legfrissebb h\u00edreket olvasd: <label for=\"invia\"><\/label><\/form>\n<p>vagy itt is k\u00f6vetheted az esem\u00e9nyeket:<\/p>\n<p> <a href=\"http:\/\/www.twitter.com\/liveperformers\"><img src=\"http:\/\/twitter-badges.s3.amazonaws.com\/follow_us-a.png\" alt=\"Follow liveperformers on Twitter\" \/><\/a><\/p>\n<p> <img loading=\"lazy\" src=\"http:\/\/avnode-net.dev.flyer.it\/wp-includes\/js\/tinymce\/themes\/advanced\/img\/trans.gif\" alt=\"\" width=\"320\" height=\"240\" \/><\/p>\n<\/div>\n<p><\/p>","protected":false},"excerpt":{"rendered":"<p>Jelentkez\u00e9s a ####currentEdition#### -ra lez\u00e1rult. A jelentkez\u0151ket a ####currentEdition####-ban n\u00e9zheted meg: http:\/\/www.liveperformersmeeting.net\/artists\/ Amennyiben szeretn\u00e9l r\u00e9szt venni a tal\u00e1lkoz\u00f3n, mint r\u00e9sztvev\u0151 m\u0171v\u00e9sz, performansz n\u00e9lk\u00fcl is jelentkezhetsz. Ebben az esetben a programban, mint r\u00e9sztvev\u0151 m\u0171v\u00e9szt jelz\u00fcnk. Ezen a linken regisztr\u00e1lhatsz: https:\/\/flxer.net\/lpm\/?lpm_sub_type=artists Speci\u00e1lis csomagunkat is megveheted, mint l\u00e1togat\u00f3: https:\/\/flxer.net\/lpm\/?lpm_sub_type=visitors Hamarosan elind\u00edtjuk a jelentkez\u00e9st a ####nextEdition####-ra Jelentkezz fel a [&hellip;]<\/p>\n","protected":false},"author":1,"featured_media":0,"parent":150,"menu_order":7,"comment_status":"closed","ping_status":"closed","template":"","meta":[],"post_title":null,"featured":null,"_wp_page_template":null,"_links":{"self":[{"href":"https:\/\/cms.avnode.net\/hu\/wp-json\/wp\/v2\/pages\/57"}],"collection":[{"href":"https:\/\/cms.avnode.net\/hu\/wp-json\/wp\/v2\/pages"}],"about":[{"href":"https:\/\/cms.avnode.net\/hu\/wp-json\/wp\/v2\/types\/page"}],"author":[{"embeddable":true,"href":"https:\/\/cms.avnode.net\/hu\/wp-json\/wp\/v2\/users\/1"}],"replies":[{"embeddable":true,"href":"https:\/\/cms.avnode.net\/hu\/wp-json\/wp\/v2\/comments?post=57"}],"version-history":[{"count":0,"href":"https:\/\/cms.avnode.net\/hu\/wp-json\/wp\/v2\/pages\/57\/revisions"}],"up":[{"embeddable":true,"href":"https:\/\/cms.avnode.net\/hu\/wp-json\/wp\/v2\/pages\/150"}],"wp:attachment":[{"href":"https:\/\/cms.avnode.net\/hu\/wp-json\/wp\/v2\/media?parent=57"}],"curies":[{"name":"wp","href":"https:\/\/api.w.org\/{rel}","templated":true}]}}