	
{"id":58,"date":"2012-04-27T17:18:30","date_gmt":"2012-04-27T17:18:30","guid":{"rendered":"http:\/\/avnode-net.dev.flyer.it\/?page_id=58"},"modified":"2012-10-10T21:06:45","modified_gmt":"2012-10-10T21:06:45","slug":"subscription-closed","status":"publish","type":"page","link":"https:\/\/cms.avnode.net\/hu\/subscriptions-contents\/subscription-closed\/","title":{"rendered":"A jelentkez\u00e9s LEZ\u00c1RULT"},"content":{"rendered":"<p><\/p>\n<div><strong>Jelentkez\u00e9s a ####currentEdition#### -ra lez\u00e1rult.<\/strong><\/p>\n<p> A jelentkez\u0151ket a ####currentEdition####-ban n\u00e9zheted meg:<br \/> <a href=\"http:\/\/www.liveperformersmeeting.net\/artists\/\" target=\"_blank\">http:\/\/www.liveperformersmeeting.net\/artists\/<\/a><\/p>\n<p> <strong>Hamarosan elind\u00edtjuk a jelentkez\u00e9st a ####nextEdition####<\/strong>-ra<\/p>\n<p>Jelentkezz fel a levelez\u0151list\u00e1nkra, hogy mindig a legfrissebb h\u00edreket olvasd:<\/p>\n<form action=\"#\" method=\"post\"> <label for=\"invia\"><\/label><\/form>\n<p>vagy itt is k\u00f6vetheted az esem\u00e9nyeket:<\/p>\n<p> <a href=\"http:\/\/www.twitter.com\/liveperformers\"><img src=\"http:\/\/twitter-badges.s3.amazonaws.com\/follow_us-a.png\" alt=\"Follow liveperformers on Twitter\" \/><\/a><\/p>\n<p> <img loading=\"lazy\" src=\"http:\/\/avnode-net.dev.flyer.it\/wp-includes\/js\/tinymce\/themes\/advanced\/img\/trans.gif\" alt=\"\" width=\"320\" height=\"240\" \/><\/div>\n<p><\/p>","protected":false},"excerpt":{"rendered":"<p>Jelentkez\u00e9s a ####currentEdition#### -ra lez\u00e1rult. A jelentkez\u0151ket a ####currentEdition####-ban n\u00e9zheted meg: http:\/\/www.liveperformersmeeting.net\/artists\/ Hamarosan elind\u00edtjuk a jelentkez\u00e9st a ####nextEdition####-ra Jelentkezz fel a levelez\u0151list\u00e1nkra, hogy mindig a legfrissebb h\u00edreket olvasd: vagy itt is k\u00f6vetheted az esem\u00e9nyeket:<\/p>\n","protected":false},"author":1,"featured_media":0,"parent":150,"menu_order":9,"comment_status":"closed","ping_status":"closed","template":"","meta":[],"post_title":null,"featured":null,"_wp_page_template":null,"_links":{"self":[{"href":"https:\/\/cms.avnode.net\/hu\/wp-json\/wp\/v2\/pages\/58"}],"collection":[{"href":"https:\/\/cms.avnode.net\/hu\/wp-json\/wp\/v2\/pages"}],"about":[{"href":"https:\/\/cms.avnode.net\/hu\/wp-json\/wp\/v2\/types\/page"}],"author":[{"embeddable":true,"href":"https:\/\/cms.avnode.net\/hu\/wp-json\/wp\/v2\/users\/1"}],"replies":[{"embeddable":true,"href":"https:\/\/cms.avnode.net\/hu\/wp-json\/wp\/v2\/comments?post=58"}],"version-history":[{"count":0,"href":"https:\/\/cms.avnode.net\/hu\/wp-json\/wp\/v2\/pages\/58\/revisions"}],"up":[{"embeddable":true,"href":"https:\/\/cms.avnode.net\/hu\/wp-json\/wp\/v2\/pages\/150"}],"wp:attachment":[{"href":"https:\/\/cms.avnode.net\/hu\/wp-json\/wp\/v2\/media?parent=58"}],"curies":[{"name":"wp","href":"https:\/\/api.w.org\/{rel}","templated":true}]}}