	
{"id":590,"date":"2018-05-23T20:00:21","date_gmt":"2018-05-23T20:00:21","guid":{"rendered":"https:\/\/cms.avnode.net\/?page_id=590"},"modified":"2018-09-05T21:15:35","modified_gmt":"2018-09-05T21:15:35","slug":"contacts","status":"publish","type":"page","link":"https:\/\/cms.avnode.net\/hu\/contacts\/","title":{"rendered":"contacts"},"content":{"rendered":"<p class=\"qtranxs-available-languages-message qtranxs-available-languages-message-hu\">Sajnos ennek a bejegyz\u00e9snek csak <a href=\"https:\/\/cms.avnode.net\/en\/wp-json\/wp\/v2\/pages\/590\" class=\"qtranxs-available-language-link qtranxs-available-language-link-en\" title=\"English\">Amerikai Angol<\/a>, <a href=\"https:\/\/cms.avnode.net\/es\/wp-json\/wp\/v2\/pages\/590\" class=\"qtranxs-available-language-link qtranxs-available-language-link-es\" title=\"Espa\u00f1ol\">Eur\u00f3pai Spanyol<\/a> \u00e9s <a href=\"https:\/\/cms.avnode.net\/it\/wp-json\/wp\/v2\/pages\/590\" class=\"qtranxs-available-language-link qtranxs-available-language-link-it\" title=\"Italiano\">Olasz<\/a> nyelv\u0171 v\u00e1ltozata van.<\/p>","protected":false},"excerpt":{"rendered":"<p>Sajnos ennek a bejegyz\u00e9snek csak Amerikai Angol, Eur\u00f3pai Spanyol \u00e9s Olasz nyelv\u0171 v\u00e1ltozata van.<\/p>\n","protected":false},"author":1,"featured_media":599,"parent":0,"menu_order":0,"comment_status":"closed","ping_status":"closed","template":"","meta":[],"post_title":null,"featured":null,"_wp_page_template":null,"_links":{"self":[{"href":"https:\/\/cms.avnode.net\/hu\/wp-json\/wp\/v2\/pages\/590"}],"collection":[{"href":"https:\/\/cms.avnode.net\/hu\/wp-json\/wp\/v2\/pages"}],"about":[{"href":"https:\/\/cms.avnode.net\/hu\/wp-json\/wp\/v2\/types\/page"}],"author":[{"embeddable":true,"href":"https:\/\/cms.avnode.net\/hu\/wp-json\/wp\/v2\/users\/1"}],"replies":[{"embeddable":true,"href":"https:\/\/cms.avnode.net\/hu\/wp-json\/wp\/v2\/comments?post=590"}],"version-history":[{"count":0,"href":"https:\/\/cms.avnode.net\/hu\/wp-json\/wp\/v2\/pages\/590\/revisions"}],"wp:featuredmedia":[{"embeddable":true,"href":"https:\/\/cms.avnode.net\/hu\/wp-json\/wp\/v2\/media\/599"}],"wp:attachment":[{"href":"https:\/\/cms.avnode.net\/hu\/wp-json\/wp\/v2\/media?parent=590"}],"curies":[{"name":"wp","href":"https:\/\/api.w.org\/{rel}","templated":true}]}}